{"id":5456,"date":"2024-03-10T16:59:18","date_gmt":"2024-03-10T14:59:18","guid":{"rendered":"https:\/\/hansa-flex.si\/?page_id=5456"},"modified":"2024-04-11T14:41:36","modified_gmt":"2024-04-11T11:41:36","slug":"geschaeftsberich","status":"publish","type":"page","link":"https:\/\/hansa-flex.si\/de\/company\/geschaeftsberich\/","title":{"rendered":"Geschaeftsberich"},"content":{"rendered":"\n<p>HANSA\u2011FLEX\u00a0ist ein globales Familienunternehmen und einer der weltweit f\u00fchrenden Systempartner f\u00fcr Fluidtechnik. Im vergangenen Gesch\u00e4ftsjahr haben wir mit \u00fcber 4.200 Mitarbeiterinnen und Mitarbeitern in 40 L\u00e4ndern rund 570 Millionen Euro Umsatz erwirtschaftet. Das\u00a0<strong>Gesch\u00e4ftsjahr 2022<\/strong>\u00a0und die wesentlichen Fakten \u00fcber die\u00a0HANSA\u2011FLEX\u00a0AG auf wenigen Seiten zusammengefasst: Unser Gesch\u00e4ftsbericht bietet einen schnellen Einblick und viele kompakte Grafiken.<\/p>\n","protected":false},"excerpt":{"rendered":"<p>HANSA\u2011FLEX\u00a0ist ein globales Familienunternehmen und einer der weltweit f\u00fchrenden Systempartner f\u00fcr Fluidtechnik. Im vergangenen Gesch\u00e4ftsjahr haben wir mit \u00fcber 4.200 Mitarbeiterinnen und Mitarbeitern in 40 L\u00e4ndern rund 570 Millionen Euro Umsatz erwirtschaftet. Das\u00a0Gesch\u00e4ftsjahr 2022\u00a0und die wesentlichen Fakten \u00fcber die\u00a0HANSA\u2011FLEX\u00a0AG auf wenigen Seiten zusammengefasst: Unser Gesch\u00e4ftsbericht bietet einen schnellen Einblick und viele kompakte Grafiken.<\/p>\n","protected":false},"author":1,"featured_media":5436,"parent":22308,"menu_order":0,"comment_status":"closed","ping_status":"closed","template":"","meta":{"_acf_changed":true,"footnotes":""},"class_list":["post-5456","page","type-page","status-publish","has-post-thumbnail","hentry"],"acf":[],"_links":{"self":[{"href":"https:\/\/hansa-flex.si\/de\/wp-json\/wp\/v2\/pages\/5456","targetHints":{"allow":["GET"]}}],"collection":[{"href":"https:\/\/hansa-flex.si\/de\/wp-json\/wp\/v2\/pages"}],"about":[{"href":"https:\/\/hansa-flex.si\/de\/wp-json\/wp\/v2\/types\/page"}],"author":[{"embeddable":true,"href":"https:\/\/hansa-flex.si\/de\/wp-json\/wp\/v2\/users\/1"}],"replies":[{"embeddable":true,"href":"https:\/\/hansa-flex.si\/de\/wp-json\/wp\/v2\/comments?post=5456"}],"version-history":[{"count":0,"href":"https:\/\/hansa-flex.si\/de\/wp-json\/wp\/v2\/pages\/5456\/revisions"}],"up":[{"embeddable":true,"href":"https:\/\/hansa-flex.si\/de\/wp-json\/wp\/v2\/pages\/22308"}],"wp:featuredmedia":[{"embeddable":true,"href":"https:\/\/hansa-flex.si\/de\/wp-json\/wp\/v2\/media\/5436"}],"wp:attachment":[{"href":"https:\/\/hansa-flex.si\/de\/wp-json\/wp\/v2\/media?parent=5456"}],"curies":[{"name":"wp","href":"https:\/\/api.w.org\/{rel}","templated":true}]}}