{"id":5514,"date":"2024-03-10T18:53:24","date_gmt":"2024-03-10T16:53:24","guid":{"rendered":"https:\/\/hansa-flex.si\/?page_id=5514"},"modified":"2024-04-17T19:38:18","modified_gmt":"2024-04-17T17:38:18","slug":"leitbild-und-werte","status":"publish","type":"page","link":"https:\/\/hansa-flex.si\/de\/company\/leitbild-und-werte\/","title":{"rendered":"Leitbild und Werte"},"content":{"rendered":"\n<p>Das\u00a0HANSA\u2011FLEX\u00a0Leitbild bildet den Orientierungsrahmen f\u00fcr das t\u00e4gliche Handeln f\u00fcr alle Mitarbeiterinnen und Mitarbeiter weltweit. Die zugrunde liegenden Werte und Grunds\u00e4tze wurden in gemeinsamen Workshops von Mitarbeitenden, F\u00fchrungskr\u00e4ften und den Eigent\u00fcmerfamilien entwickelt. Zusammen mit unserem\u00a0HANSA\u2011FLEX\u00a0Verhaltenskodex verf\u00fcgen wir \u00fcber ein stabiles Werteger\u00fcst, das die Grundlage unserer Unternehmenskultur bildet.<\/p>\n","protected":false},"excerpt":{"rendered":"<p>Das\u00a0HANSA\u2011FLEX\u00a0Leitbild bildet den Orientierungsrahmen f\u00fcr das t\u00e4gliche Handeln f\u00fcr alle Mitarbeiterinnen und Mitarbeiter weltweit. Die zugrunde liegenden Werte und Grunds\u00e4tze wurden in gemeinsamen Workshops von Mitarbeitenden, F\u00fchrungskr\u00e4ften und den Eigent\u00fcmerfamilien entwickelt. Zusammen mit unserem\u00a0HANSA\u2011FLEX\u00a0Verhaltenskodex verf\u00fcgen wir \u00fcber ein stabiles Werteger\u00fcst, das die Grundlage unserer Unternehmenskultur bildet.<\/p>\n","protected":false},"author":1,"featured_media":5150,"parent":22308,"menu_order":6,"comment_status":"closed","ping_status":"closed","template":"","meta":{"_acf_changed":true,"footnotes":""},"class_list":["post-5514","page","type-page","status-publish","has-post-thumbnail","hentry"],"acf":[],"_links":{"self":[{"href":"https:\/\/hansa-flex.si\/de\/wp-json\/wp\/v2\/pages\/5514","targetHints":{"allow":["GET"]}}],"collection":[{"href":"https:\/\/hansa-flex.si\/de\/wp-json\/wp\/v2\/pages"}],"about":[{"href":"https:\/\/hansa-flex.si\/de\/wp-json\/wp\/v2\/types\/page"}],"author":[{"embeddable":true,"href":"https:\/\/hansa-flex.si\/de\/wp-json\/wp\/v2\/users\/1"}],"replies":[{"embeddable":true,"href":"https:\/\/hansa-flex.si\/de\/wp-json\/wp\/v2\/comments?post=5514"}],"version-history":[{"count":0,"href":"https:\/\/hansa-flex.si\/de\/wp-json\/wp\/v2\/pages\/5514\/revisions"}],"up":[{"embeddable":true,"href":"https:\/\/hansa-flex.si\/de\/wp-json\/wp\/v2\/pages\/22308"}],"wp:featuredmedia":[{"embeddable":true,"href":"https:\/\/hansa-flex.si\/de\/wp-json\/wp\/v2\/media\/5150"}],"wp:attachment":[{"href":"https:\/\/hansa-flex.si\/de\/wp-json\/wp\/v2\/media?parent=5514"}],"curies":[{"name":"wp","href":"https:\/\/api.w.org\/{rel}","templated":true}]}}