{"id":5562,"date":"2024-03-10T20:17:51","date_gmt":"2024-03-10T18:17:51","guid":{"rendered":"https:\/\/hansa-flex.si\/?page_id=5562"},"modified":"2024-03-31T22:19:41","modified_gmt":"2024-03-31T19:19:41","slug":"baugewerbe","status":"publish","type":"page","link":"https:\/\/hansa-flex.si\/de\/company\/referenzen\/baugewerbe\/","title":{"rendered":"Baugewerbe"},"content":{"rendered":"\n<p>Hydraulikkomponenten wie Schlauchleitungen sind auf Baustellen einem hohen Verschlei\u00df ausgesetzt. Gut, wenn jederzeit Ersatz schnell zur Hand ist. Das minimiert nicht nur Maschinenstillst\u00e4nde, sondern verk\u00fcrzt auch die Einsatzdauer bei turnusgem\u00e4\u00dfen Wartungsarbeiten. Erfahren Sie, wie\u00a0HANSA\u2011FLEX\u00a0mit dem mobilen Hydraulik-Sofortservice und Werkstatt-Service-Container eine optimale Ersatzteilverf\u00fcgbarkeit f\u00fcr Baumaschinen vor Ort sicherstellt.<\/p>\n","protected":false},"excerpt":{"rendered":"<p>Hydraulikkomponenten wie Schlauchleitungen sind auf Baustellen einem hohen Verschlei\u00df ausgesetzt. Gut, wenn jederzeit Ersatz schnell zur Hand ist. Das minimiert nicht nur Maschinenstillst\u00e4nde, sondern verk\u00fcrzt auch die Einsatzdauer bei turnusgem\u00e4\u00dfen Wartungsarbeiten. Erfahren Sie, wie\u00a0HANSA\u2011FLEX\u00a0mit dem mobilen Hydraulik-Sofortservice und Werkstatt-Service-Container eine optimale Ersatzteilverf\u00fcgbarkeit f\u00fcr Baumaschinen vor Ort sicherstellt.<\/p>\n","protected":false},"author":1,"featured_media":5218,"parent":5559,"menu_order":1,"comment_status":"closed","ping_status":"closed","template":"","meta":{"_acf_changed":false,"footnotes":""},"class_list":["post-5562","page","type-page","status-publish","has-post-thumbnail","hentry"],"acf":[],"_links":{"self":[{"href":"https:\/\/hansa-flex.si\/de\/wp-json\/wp\/v2\/pages\/5562","targetHints":{"allow":["GET"]}}],"collection":[{"href":"https:\/\/hansa-flex.si\/de\/wp-json\/wp\/v2\/pages"}],"about":[{"href":"https:\/\/hansa-flex.si\/de\/wp-json\/wp\/v2\/types\/page"}],"author":[{"embeddable":true,"href":"https:\/\/hansa-flex.si\/de\/wp-json\/wp\/v2\/users\/1"}],"replies":[{"embeddable":true,"href":"https:\/\/hansa-flex.si\/de\/wp-json\/wp\/v2\/comments?post=5562"}],"version-history":[{"count":0,"href":"https:\/\/hansa-flex.si\/de\/wp-json\/wp\/v2\/pages\/5562\/revisions"}],"up":[{"embeddable":true,"href":"https:\/\/hansa-flex.si\/de\/wp-json\/wp\/v2\/pages\/5559"}],"wp:featuredmedia":[{"embeddable":true,"href":"https:\/\/hansa-flex.si\/de\/wp-json\/wp\/v2\/media\/5218"}],"wp:attachment":[{"href":"https:\/\/hansa-flex.si\/de\/wp-json\/wp\/v2\/media?parent=5562"}],"curies":[{"name":"wp","href":"https:\/\/api.w.org\/{rel}","templated":true}]}}