{"id":5564,"date":"2024-03-10T20:19:41","date_gmt":"2024-03-10T18:19:41","guid":{"rendered":"https:\/\/hansa-flex.si\/?page_id=5564"},"modified":"2024-03-31T22:27:58","modified_gmt":"2024-03-31T19:27:58","slug":"chemie-pharmazie-und-lebensmittel","status":"publish","type":"page","link":"https:\/\/hansa-flex.si\/de\/company\/referenzen\/chemie-pharmazie-und-lebensmittel\/","title":{"rendered":"Chemie, Pharmazie und Lebensmittel"},"content":{"rendered":"\n<p>Maximale Reinheit, hoch korrosive Medien, explosionsgef\u00e4hrdete Umgebungen und zahlreiche Vorschriften: Anwendungen in der Chemie-, Pharmazie- und Lebensmittelindustrie stellen h\u00f6chste Anforderungen an alle verbauten Komponenten. Erfahren Sie mehr dar\u00fcber, wie\u00a0HANSA\u2011FLEX\u00a0mit passgenauen L\u00f6sungen wie Metallschlauchleitungen und Edelstahlverschraubungen und leistungsstarken Services f\u00fcr eine hohe Anlagenverf\u00fcgbarkeit sowie -sicherheit sorgt.<\/p>\n","protected":false},"excerpt":{"rendered":"<p>Maximale Reinheit, hoch korrosive Medien, explosionsgef\u00e4hrdete Umgebungen und zahlreiche Vorschriften: Anwendungen in der Chemie-, Pharmazie- und Lebensmittelindustrie stellen h\u00f6chste Anforderungen an alle verbauten Komponenten. Erfahren Sie mehr dar\u00fcber, wie\u00a0HANSA\u2011FLEX\u00a0mit passgenauen L\u00f6sungen wie Metallschlauchleitungen und Edelstahlverschraubungen und leistungsstarken Services f\u00fcr eine hohe Anlagenverf\u00fcgbarkeit sowie -sicherheit sorgt.<\/p>\n","protected":false},"author":1,"featured_media":5219,"parent":5559,"menu_order":1,"comment_status":"closed","ping_status":"closed","template":"","meta":{"_acf_changed":false,"footnotes":""},"class_list":["post-5564","page","type-page","status-publish","has-post-thumbnail","hentry"],"acf":[],"_links":{"self":[{"href":"https:\/\/hansa-flex.si\/de\/wp-json\/wp\/v2\/pages\/5564","targetHints":{"allow":["GET"]}}],"collection":[{"href":"https:\/\/hansa-flex.si\/de\/wp-json\/wp\/v2\/pages"}],"about":[{"href":"https:\/\/hansa-flex.si\/de\/wp-json\/wp\/v2\/types\/page"}],"author":[{"embeddable":true,"href":"https:\/\/hansa-flex.si\/de\/wp-json\/wp\/v2\/users\/1"}],"replies":[{"embeddable":true,"href":"https:\/\/hansa-flex.si\/de\/wp-json\/wp\/v2\/comments?post=5564"}],"version-history":[{"count":0,"href":"https:\/\/hansa-flex.si\/de\/wp-json\/wp\/v2\/pages\/5564\/revisions"}],"up":[{"embeddable":true,"href":"https:\/\/hansa-flex.si\/de\/wp-json\/wp\/v2\/pages\/5559"}],"wp:featuredmedia":[{"embeddable":true,"href":"https:\/\/hansa-flex.si\/de\/wp-json\/wp\/v2\/media\/5219"}],"wp:attachment":[{"href":"https:\/\/hansa-flex.si\/de\/wp-json\/wp\/v2\/media?parent=5564"}],"curies":[{"name":"wp","href":"https:\/\/api.w.org\/{rel}","templated":true}]}}