{"id":5568,"date":"2024-03-10T20:23:09","date_gmt":"2024-03-10T18:23:09","guid":{"rendered":"https:\/\/hansa-flex.si\/?page_id=5568"},"modified":"2024-03-31T22:37:04","modified_gmt":"2024-03-31T19:37:04","slug":"entsorgung-und-recycling","status":"publish","type":"page","link":"https:\/\/hansa-flex.si\/de\/company\/referenzen\/entsorgung-und-recycling\/","title":{"rendered":"Entsorgung und Recycling"},"content":{"rendered":"\n<p>Unternehmen im Bereich Entsorgung und Recycling haben sich dem Schutz der Umwelt und ihrer Ressourcen verschrieben. Gro\u00dfe Kr\u00e4fte und raue Einsatzbedingungen stellen dabei eine hohe Belastung f\u00fcr die eingesetzten Hydraulikkomponenten dar. Finden Sie heraus, wie\u00a0HANSA\u2011FLEX\u00a0diesen Anforderungen mit perfekt abgestimmten Produkten und Services gerecht wird und so Maschinenausf\u00e4lle minimiert. Damit der Recyclingkreislauf immer in Bewegung bleibt.<\/p>\n","protected":false},"excerpt":{"rendered":"<p>Unternehmen im Bereich Entsorgung und Recycling haben sich dem Schutz der Umwelt und ihrer Ressourcen verschrieben. Gro\u00dfe Kr\u00e4fte und raue Einsatzbedingungen stellen dabei eine hohe Belastung f\u00fcr die eingesetzten Hydraulikkomponenten dar. Finden Sie heraus, wie\u00a0HANSA\u2011FLEX\u00a0diesen Anforderungen mit perfekt abgestimmten Produkten und Services gerecht wird und so Maschinenausf\u00e4lle minimiert. Damit der Recyclingkreislauf immer in Bewegung bleibt.<\/p>\n","protected":false},"author":1,"featured_media":5256,"parent":5559,"menu_order":1,"comment_status":"closed","ping_status":"closed","template":"","meta":{"_acf_changed":false,"footnotes":""},"class_list":["post-5568","page","type-page","status-publish","has-post-thumbnail","hentry"],"acf":[],"_links":{"self":[{"href":"https:\/\/hansa-flex.si\/de\/wp-json\/wp\/v2\/pages\/5568","targetHints":{"allow":["GET"]}}],"collection":[{"href":"https:\/\/hansa-flex.si\/de\/wp-json\/wp\/v2\/pages"}],"about":[{"href":"https:\/\/hansa-flex.si\/de\/wp-json\/wp\/v2\/types\/page"}],"author":[{"embeddable":true,"href":"https:\/\/hansa-flex.si\/de\/wp-json\/wp\/v2\/users\/1"}],"replies":[{"embeddable":true,"href":"https:\/\/hansa-flex.si\/de\/wp-json\/wp\/v2\/comments?post=5568"}],"version-history":[{"count":0,"href":"https:\/\/hansa-flex.si\/de\/wp-json\/wp\/v2\/pages\/5568\/revisions"}],"up":[{"embeddable":true,"href":"https:\/\/hansa-flex.si\/de\/wp-json\/wp\/v2\/pages\/5559"}],"wp:featuredmedia":[{"embeddable":true,"href":"https:\/\/hansa-flex.si\/de\/wp-json\/wp\/v2\/media\/5256"}],"wp:attachment":[{"href":"https:\/\/hansa-flex.si\/de\/wp-json\/wp\/v2\/media?parent=5568"}],"curies":[{"name":"wp","href":"https:\/\/api.w.org\/{rel}","templated":true}]}}