{"id":5574,"date":"2024-03-10T20:27:31","date_gmt":"2024-03-10T18:27:31","guid":{"rendered":"https:\/\/hansa-flex.si\/?page_id=5574"},"modified":"2024-03-31T22:46:39","modified_gmt":"2024-03-31T19:46:39","slug":"maschinen-und-anlagenbau","status":"publish","type":"page","link":"https:\/\/hansa-flex.si\/de\/company\/referenzen\/maschinen-und-anlagenbau\/","title":{"rendered":"Maschinen- und Anlagenbau"},"content":{"rendered":"\n<p>Unternehmen aus dem Maschinen- und Anlagenbau m\u00fcssen mit exzellenter Produktqualit\u00e4t und erstklassigem Service \u00fcberzeugen.\u00a0HANSA\u2011FLEX\u00a0unterst\u00fctzt Fertigungsunternehmen dabei mit der bedarfsgerechten Bereitstellung hochwertiger Fluidkomponenten, einem auf die getakteten Produktionsprozesse abgestimmten Teilemanagement sowie weltweitem Kundenservice. Finden Sie heraus, welche Vorteile eine strategische Partnerschaft mit\u00a0HANSA\u2011FLEX\u00a0bietet.<\/p>\n","protected":false},"excerpt":{"rendered":"<p>Unternehmen aus dem Maschinen- und Anlagenbau m\u00fcssen mit exzellenter Produktqualit\u00e4t und erstklassigem Service \u00fcberzeugen.\u00a0HANSA\u2011FLEX\u00a0unterst\u00fctzt Fertigungsunternehmen dabei mit der bedarfsgerechten Bereitstellung hochwertiger Fluidkomponenten, einem auf die getakteten Produktionsprozesse abgestimmten Teilemanagement sowie weltweitem Kundenservice. Finden Sie heraus, welche Vorteile eine strategische Partnerschaft mit\u00a0HANSA\u2011FLEX\u00a0bietet.<\/p>\n","protected":false},"author":1,"featured_media":5319,"parent":5559,"menu_order":1,"comment_status":"closed","ping_status":"closed","template":"","meta":{"_acf_changed":false,"footnotes":""},"class_list":["post-5574","page","type-page","status-publish","has-post-thumbnail","hentry"],"acf":[],"_links":{"self":[{"href":"https:\/\/hansa-flex.si\/de\/wp-json\/wp\/v2\/pages\/5574","targetHints":{"allow":["GET"]}}],"collection":[{"href":"https:\/\/hansa-flex.si\/de\/wp-json\/wp\/v2\/pages"}],"about":[{"href":"https:\/\/hansa-flex.si\/de\/wp-json\/wp\/v2\/types\/page"}],"author":[{"embeddable":true,"href":"https:\/\/hansa-flex.si\/de\/wp-json\/wp\/v2\/users\/1"}],"replies":[{"embeddable":true,"href":"https:\/\/hansa-flex.si\/de\/wp-json\/wp\/v2\/comments?post=5574"}],"version-history":[{"count":0,"href":"https:\/\/hansa-flex.si\/de\/wp-json\/wp\/v2\/pages\/5574\/revisions"}],"up":[{"embeddable":true,"href":"https:\/\/hansa-flex.si\/de\/wp-json\/wp\/v2\/pages\/5559"}],"wp:featuredmedia":[{"embeddable":true,"href":"https:\/\/hansa-flex.si\/de\/wp-json\/wp\/v2\/media\/5319"}],"wp:attachment":[{"href":"https:\/\/hansa-flex.si\/de\/wp-json\/wp\/v2\/media?parent=5574"}],"curies":[{"name":"wp","href":"https:\/\/api.w.org\/{rel}","templated":true}]}}