{"id":5587,"date":"2024-03-10T20:37:19","date_gmt":"2024-03-10T18:37:19","guid":{"rendered":"https:\/\/hansa-flex.si\/?page_id=5587"},"modified":"2024-03-31T23:00:33","modified_gmt":"2024-03-31T20:00:33","slug":"transport-und-logistik","status":"publish","type":"page","link":"https:\/\/hansa-flex.si\/de\/company\/referenzen\/transport-und-logistik\/","title":{"rendered":"Transport und Logistik"},"content":{"rendered":"\n<p>Logistik umfasst mehr, als nur G\u00fcter und Personen zu bewegen. Es geht um schnelle, effiziente und intelligente L\u00f6sungen in Zeiten von immer komplexer werdenden Lieferketten. Eine schnelle Ersatzteilversorgung weltweit und fachm\u00e4nnisch durchgef\u00fchrte Instandhaltung sorgen daf\u00fcr, dass kein Stillstand herrscht. Erfahren Sie mehr dar\u00fcber, wie Unternehmen im Bereich Transport und Logistik von den Produkten und Services von\u00a0HANSA\u2011FLEX\u00a0profitieren.<\/p>\n","protected":false},"excerpt":{"rendered":"<p>Logistik umfasst mehr, als nur G\u00fcter und Personen zu bewegen. Es geht um schnelle, effiziente und intelligente L\u00f6sungen in Zeiten von immer komplexer werdenden Lieferketten. Eine schnelle Ersatzteilversorgung weltweit und fachm\u00e4nnisch durchgef\u00fchrte Instandhaltung sorgen daf\u00fcr, dass kein Stillstand herrscht. Erfahren Sie mehr dar\u00fcber, wie Unternehmen im Bereich Transport und Logistik von den Produkten und Services [&hellip;]<\/p>\n","protected":false},"author":1,"featured_media":5418,"parent":5559,"menu_order":1,"comment_status":"closed","ping_status":"closed","template":"","meta":{"_acf_changed":false,"footnotes":""},"class_list":["post-5587","page","type-page","status-publish","has-post-thumbnail","hentry"],"acf":[],"_links":{"self":[{"href":"https:\/\/hansa-flex.si\/de\/wp-json\/wp\/v2\/pages\/5587","targetHints":{"allow":["GET"]}}],"collection":[{"href":"https:\/\/hansa-flex.si\/de\/wp-json\/wp\/v2\/pages"}],"about":[{"href":"https:\/\/hansa-flex.si\/de\/wp-json\/wp\/v2\/types\/page"}],"author":[{"embeddable":true,"href":"https:\/\/hansa-flex.si\/de\/wp-json\/wp\/v2\/users\/1"}],"replies":[{"embeddable":true,"href":"https:\/\/hansa-flex.si\/de\/wp-json\/wp\/v2\/comments?post=5587"}],"version-history":[{"count":0,"href":"https:\/\/hansa-flex.si\/de\/wp-json\/wp\/v2\/pages\/5587\/revisions"}],"up":[{"embeddable":true,"href":"https:\/\/hansa-flex.si\/de\/wp-json\/wp\/v2\/pages\/5559"}],"wp:featuredmedia":[{"embeddable":true,"href":"https:\/\/hansa-flex.si\/de\/wp-json\/wp\/v2\/media\/5418"}],"wp:attachment":[{"href":"https:\/\/hansa-flex.si\/de\/wp-json\/wp\/v2\/media?parent=5587"}],"curies":[{"name":"wp","href":"https:\/\/api.w.org\/{rel}","templated":true}]}}