{"id":5596,"date":"2024-03-10T21:08:45","date_gmt":"2024-03-10T19:08:45","guid":{"rendered":"https:\/\/hansa-flex.si\/?page_id=5596"},"modified":"2024-04-15T14:34:48","modified_gmt":"2024-04-15T12:34:48","slug":"verbaende","status":"publish","type":"page","link":"https:\/\/hansa-flex.si\/de\/company\/verbaende\/","title":{"rendered":"Verb\u00e4nde"},"content":{"rendered":"\n<p>Die\u00a0HANSA\u2011FLEX\u00a0AG pflegt Mitgliedschaften in zahlreichen Verb\u00e4nden im In- und Ausland. Wir engagieren uns in Branchenverb\u00e4nden der Fluidtechnik und in f\u00fchrenden Organisationen verschiedener Industrien. Im Rahmen der Verbandsarbeit bringen wir unsere Perspektiven und Kompetenzen zu verschiedenen Themengebieten ein und erhalten Zugriff auf wertvolle Informationen, die wir an unsere Kunden und Partner weitergeben k\u00f6nnen.\u00a0<\/p>\n","protected":false},"excerpt":{"rendered":"<p>Die\u00a0HANSA\u2011FLEX\u00a0AG pflegt Mitgliedschaften in zahlreichen Verb\u00e4nden im In- und Ausland. Wir engagieren uns in Branchenverb\u00e4nden der Fluidtechnik und in f\u00fchrenden Organisationen verschiedener Industrien. Im Rahmen der Verbandsarbeit bringen wir unsere Perspektiven und Kompetenzen zu verschiedenen Themengebieten ein und erhalten Zugriff auf wertvolle Informationen, die wir an unsere Kunden und Partner weitergeben k\u00f6nnen.\u00a0<\/p>\n","protected":false},"author":1,"featured_media":5436,"parent":22308,"menu_order":0,"comment_status":"closed","ping_status":"closed","template":"","meta":{"_acf_changed":false,"footnotes":""},"class_list":["post-5596","page","type-page","status-publish","has-post-thumbnail","hentry"],"acf":[],"_links":{"self":[{"href":"https:\/\/hansa-flex.si\/de\/wp-json\/wp\/v2\/pages\/5596","targetHints":{"allow":["GET"]}}],"collection":[{"href":"https:\/\/hansa-flex.si\/de\/wp-json\/wp\/v2\/pages"}],"about":[{"href":"https:\/\/hansa-flex.si\/de\/wp-json\/wp\/v2\/types\/page"}],"author":[{"embeddable":true,"href":"https:\/\/hansa-flex.si\/de\/wp-json\/wp\/v2\/users\/1"}],"replies":[{"embeddable":true,"href":"https:\/\/hansa-flex.si\/de\/wp-json\/wp\/v2\/comments?post=5596"}],"version-history":[{"count":0,"href":"https:\/\/hansa-flex.si\/de\/wp-json\/wp\/v2\/pages\/5596\/revisions"}],"up":[{"embeddable":true,"href":"https:\/\/hansa-flex.si\/de\/wp-json\/wp\/v2\/pages\/22308"}],"wp:featuredmedia":[{"embeddable":true,"href":"https:\/\/hansa-flex.si\/de\/wp-json\/wp\/v2\/media\/5436"}],"wp:attachment":[{"href":"https:\/\/hansa-flex.si\/de\/wp-json\/wp\/v2\/media?parent=5596"}],"curies":[{"name":"wp","href":"https:\/\/api.w.org\/{rel}","templated":true}]}}