{"id":5598,"date":"2024-03-10T21:10:55","date_gmt":"2024-03-10T19:10:55","guid":{"rendered":"https:\/\/hansa-flex.si\/?page_id=5598"},"modified":"2024-04-15T21:34:36","modified_gmt":"2024-04-15T19:34:36","slug":"messen","status":"publish","type":"page","link":"https:\/\/hansa-flex.si\/de\/company\/messen\/","title":{"rendered":"Messen"},"content":{"rendered":"\n<p>Wir sind f\u00fcr Sie weltweit auf spannenden Fach- und Publikumsmessen pr\u00e4sent. Erleben Sie die Leidenschaft von HANSA\u2011FLEX live auf den Messest\u00e4nden und \u00fcberzeugen Sie sich von der Produktvielfalt und den ma\u00dfgeschneiderten Dienstleistungen. Wir freuen uns auf Ihren Besuch!<\/p>\n","protected":false},"excerpt":{"rendered":"<p>Wir sind f\u00fcr Sie weltweit auf spannenden Fach- und Publikumsmessen pr\u00e4sent. Erleben Sie die Leidenschaft von HANSA\u2011FLEX live auf den Messest\u00e4nden und \u00fcberzeugen Sie sich von der Produktvielfalt und den ma\u00dfgeschneiderten Dienstleistungen. Wir freuen uns auf Ihren Besuch!<\/p>\n","protected":false},"author":1,"featured_media":5437,"parent":22308,"menu_order":0,"comment_status":"closed","ping_status":"closed","template":"","meta":{"_acf_changed":false,"footnotes":""},"class_list":["post-5598","page","type-page","status-publish","has-post-thumbnail","hentry"],"acf":[],"_links":{"self":[{"href":"https:\/\/hansa-flex.si\/de\/wp-json\/wp\/v2\/pages\/5598","targetHints":{"allow":["GET"]}}],"collection":[{"href":"https:\/\/hansa-flex.si\/de\/wp-json\/wp\/v2\/pages"}],"about":[{"href":"https:\/\/hansa-flex.si\/de\/wp-json\/wp\/v2\/types\/page"}],"author":[{"embeddable":true,"href":"https:\/\/hansa-flex.si\/de\/wp-json\/wp\/v2\/users\/1"}],"replies":[{"embeddable":true,"href":"https:\/\/hansa-flex.si\/de\/wp-json\/wp\/v2\/comments?post=5598"}],"version-history":[{"count":0,"href":"https:\/\/hansa-flex.si\/de\/wp-json\/wp\/v2\/pages\/5598\/revisions"}],"up":[{"embeddable":true,"href":"https:\/\/hansa-flex.si\/de\/wp-json\/wp\/v2\/pages\/22308"}],"wp:featuredmedia":[{"embeddable":true,"href":"https:\/\/hansa-flex.si\/de\/wp-json\/wp\/v2\/media\/5437"}],"wp:attachment":[{"href":"https:\/\/hansa-flex.si\/de\/wp-json\/wp\/v2\/media?parent=5598"}],"curies":[{"name":"wp","href":"https:\/\/api.w.org\/{rel}","templated":true}]}}