{"id":5600,"date":"2024-03-10T21:13:14","date_gmt":"2024-03-10T19:13:14","guid":{"rendered":"https:\/\/hansa-flex.si\/?page_id=5600"},"modified":"2024-04-11T14:48:48","modified_gmt":"2024-04-11T11:48:48","slug":"60-jahre-hansa-flex","status":"publish","type":"page","link":"https:\/\/hansa-flex.si\/de\/company\/60-jahre-hansa-flex\/","title":{"rendered":"60 Jahre HANSA-FLEX"},"content":{"rendered":"\n<p>Vor 60 Jahren hat der Bremer Kaufmann Joachim Armerding das Unternehmen\u00a0HANSA\u2011FLEX\u00a0in einer Garage bei Bremen gegr\u00fcndet. Seine Gesch\u00e4ftsidee war zeitgem\u00e4\u00df, sein Motto so einfach wie genial: Erf\u00fclle die W\u00fcnsche deiner Kunden schneller, flexibler und umfassender als alle anderen und vergiss dabei nie das Menschliche und den Spa\u00df bei der Arbeit. Mit dieser Leidenschaft ist\u00a0HANSA\u2011FLEX\u00a0gro\u00df geworden und sie ist heute noch so aktuell wie damals.<\/p>\n","protected":false},"excerpt":{"rendered":"<p>Vor 60 Jahren hat der Bremer Kaufmann Joachim Armerding das Unternehmen\u00a0HANSA\u2011FLEX\u00a0in einer Garage bei Bremen gegr\u00fcndet. Seine Gesch\u00e4ftsidee war zeitgem\u00e4\u00df, sein Motto so einfach wie genial: Erf\u00fclle die W\u00fcnsche deiner Kunden schneller, flexibler und umfassender als alle anderen und vergiss dabei nie das Menschliche und den Spa\u00df bei der Arbeit. Mit dieser Leidenschaft ist\u00a0HANSA\u2011FLEX\u00a0gro\u00df geworden [&hellip;]<\/p>\n","protected":false},"author":1,"featured_media":5449,"parent":22308,"menu_order":0,"comment_status":"closed","ping_status":"closed","template":"","meta":{"_acf_changed":false,"footnotes":""},"class_list":["post-5600","page","type-page","status-publish","has-post-thumbnail","hentry"],"acf":[],"_links":{"self":[{"href":"https:\/\/hansa-flex.si\/de\/wp-json\/wp\/v2\/pages\/5600","targetHints":{"allow":["GET"]}}],"collection":[{"href":"https:\/\/hansa-flex.si\/de\/wp-json\/wp\/v2\/pages"}],"about":[{"href":"https:\/\/hansa-flex.si\/de\/wp-json\/wp\/v2\/types\/page"}],"author":[{"embeddable":true,"href":"https:\/\/hansa-flex.si\/de\/wp-json\/wp\/v2\/users\/1"}],"replies":[{"embeddable":true,"href":"https:\/\/hansa-flex.si\/de\/wp-json\/wp\/v2\/comments?post=5600"}],"version-history":[{"count":0,"href":"https:\/\/hansa-flex.si\/de\/wp-json\/wp\/v2\/pages\/5600\/revisions"}],"up":[{"embeddable":true,"href":"https:\/\/hansa-flex.si\/de\/wp-json\/wp\/v2\/pages\/22308"}],"wp:featuredmedia":[{"embeddable":true,"href":"https:\/\/hansa-flex.si\/de\/wp-json\/wp\/v2\/media\/5449"}],"wp:attachment":[{"href":"https:\/\/hansa-flex.si\/de\/wp-json\/wp\/v2\/media?parent=5600"}],"curies":[{"name":"wp","href":"https:\/\/api.w.org\/{rel}","templated":true}]}}