{"id":6769,"date":"2024-03-18T12:25:01","date_gmt":"2024-03-18T10:25:01","guid":{"rendered":"https:\/\/hansa-flex.si\/?page_id=6769"},"modified":"2024-04-11T15:52:31","modified_gmt":"2024-04-11T12:52:31","slug":"schlauchleitungskonfigurator","status":"publish","type":"page","link":"https:\/\/hansa-flex.si\/de\/produkte\/schlaeuche-und-schlauchleitungen\/schlauchleitungskonfigurator\/","title":{"rendered":"Schlauchleitungskonfigurator"},"content":{"rendered":"\n<p>Der HANSA\u2011FLEX Schlauchleitungskonfigurator ist ein echter Meilenstein. Mit unserem digitalen Hydraulikschlauch-Konfigurator k\u00f6nnen Sie (Hydraulik-) Schlauchleitungen ganz einfach selbst konfigurieren. In f\u00fcnf Schritten erstellen Sie online in wenigen Minuten aus rund 90 Schl\u00e4uchen und 600 Armaturen Ihr ma\u00dfgeschneidertes Produkt.<\/p>\n","protected":false},"excerpt":{"rendered":"<p>Der HANSA\u2011FLEX Schlauchleitungskonfigurator ist ein echter Meilenstein. Mit unserem digitalen Hydraulikschlauch-Konfigurator k\u00f6nnen Sie (Hydraulik-) Schlauchleitungen ganz einfach selbst konfigurieren. In f\u00fcnf Schritten erstellen Sie online in wenigen Minuten aus rund 90 Schl\u00e4uchen und 600 Armaturen Ihr ma\u00dfgeschneidertes Produkt.<\/p>\n","protected":false},"author":3,"featured_media":5866,"parent":6730,"menu_order":0,"comment_status":"closed","ping_status":"closed","template":"","meta":{"_acf_changed":true,"footnotes":""},"class_list":["post-6769","page","type-page","status-publish","has-post-thumbnail","hentry"],"acf":[],"_links":{"self":[{"href":"https:\/\/hansa-flex.si\/de\/wp-json\/wp\/v2\/pages\/6769","targetHints":{"allow":["GET"]}}],"collection":[{"href":"https:\/\/hansa-flex.si\/de\/wp-json\/wp\/v2\/pages"}],"about":[{"href":"https:\/\/hansa-flex.si\/de\/wp-json\/wp\/v2\/types\/page"}],"author":[{"embeddable":true,"href":"https:\/\/hansa-flex.si\/de\/wp-json\/wp\/v2\/users\/3"}],"replies":[{"embeddable":true,"href":"https:\/\/hansa-flex.si\/de\/wp-json\/wp\/v2\/comments?post=6769"}],"version-history":[{"count":0,"href":"https:\/\/hansa-flex.si\/de\/wp-json\/wp\/v2\/pages\/6769\/revisions"}],"up":[{"embeddable":true,"href":"https:\/\/hansa-flex.si\/de\/wp-json\/wp\/v2\/pages\/6730"}],"wp:featuredmedia":[{"embeddable":true,"href":"https:\/\/hansa-flex.si\/de\/wp-json\/wp\/v2\/media\/5866"}],"wp:attachment":[{"href":"https:\/\/hansa-flex.si\/de\/wp-json\/wp\/v2\/media?parent=6769"}],"curies":[{"name":"wp","href":"https:\/\/api.w.org\/{rel}","templated":true}]}}