{"id":6828,"date":"2024-03-18T15:47:55","date_gmt":"2024-03-18T13:47:55","guid":{"rendered":"https:\/\/hansa-flex.si\/?page_id=6828"},"modified":"2024-04-09T19:06:37","modified_gmt":"2024-04-09T16:06:37","slug":"metallschlaeuche","status":"publish","type":"page","link":"https:\/\/hansa-flex.si\/de\/produkte\/schlaeuche-und-schlauchleitungen\/metallschlaeuche\/","title":{"rendered":"Metallschl\u00e4uche"},"content":{"rendered":"\n<p>Aufgrund der verwendeten Werkstoffe sind Metallschl\u00e4uche \u00e4u\u00dferst resistent gegen Korrosion und Abrasion. Die gro\u00dfe Temperaturtoleranz, die Unterdruckfestigkeit sowie die herausragende Diffusionsdichtigkeit machen Metallschl\u00e4uche zum bevorzugten Transportelement f\u00fcr feste, fl\u00fcssige und gasf\u00f6rmige Stoffe unter besonders herausfordernden Bedingungen.<\/p>\n","protected":false},"excerpt":{"rendered":"<p>Aufgrund der verwendeten Werkstoffe sind Metallschl\u00e4uche \u00e4u\u00dferst resistent gegen Korrosion und Abrasion. Die gro\u00dfe Temperaturtoleranz, die Unterdruckfestigkeit sowie die herausragende Diffusionsdichtigkeit machen Metallschl\u00e4uche zum bevorzugten Transportelement f\u00fcr feste, fl\u00fcssige und gasf\u00f6rmige Stoffe unter besonders herausfordernden Bedingungen.<\/p>\n","protected":false},"author":3,"featured_media":5888,"parent":6730,"menu_order":0,"comment_status":"closed","ping_status":"closed","template":"","meta":{"_acf_changed":true,"footnotes":""},"class_list":["post-6828","page","type-page","status-publish","has-post-thumbnail","hentry"],"acf":[],"_links":{"self":[{"href":"https:\/\/hansa-flex.si\/de\/wp-json\/wp\/v2\/pages\/6828","targetHints":{"allow":["GET"]}}],"collection":[{"href":"https:\/\/hansa-flex.si\/de\/wp-json\/wp\/v2\/pages"}],"about":[{"href":"https:\/\/hansa-flex.si\/de\/wp-json\/wp\/v2\/types\/page"}],"author":[{"embeddable":true,"href":"https:\/\/hansa-flex.si\/de\/wp-json\/wp\/v2\/users\/3"}],"replies":[{"embeddable":true,"href":"https:\/\/hansa-flex.si\/de\/wp-json\/wp\/v2\/comments?post=6828"}],"version-history":[{"count":0,"href":"https:\/\/hansa-flex.si\/de\/wp-json\/wp\/v2\/pages\/6828\/revisions"}],"up":[{"embeddable":true,"href":"https:\/\/hansa-flex.si\/de\/wp-json\/wp\/v2\/pages\/6730"}],"wp:featuredmedia":[{"embeddable":true,"href":"https:\/\/hansa-flex.si\/de\/wp-json\/wp\/v2\/media\/5888"}],"wp:attachment":[{"href":"https:\/\/hansa-flex.si\/de\/wp-json\/wp\/v2\/media?parent=6828"}],"curies":[{"name":"wp","href":"https:\/\/api.w.org\/{rel}","templated":true}]}}