{"id":6878,"date":"2024-03-19T10:34:57","date_gmt":"2024-03-19T08:34:57","guid":{"rendered":"https:\/\/hansa-flex.si\/?page_id=6878"},"modified":"2024-04-10T15:50:41","modified_gmt":"2024-04-10T12:50:41","slug":"hoechstdruckschlaeuche","status":"publish","type":"page","link":"https:\/\/hansa-flex.si\/de\/produkte\/schlaeuche-und-schlauchleitungen\/hoechstdruckschlaeuche\/","title":{"rendered":"H\u00f6chstdruckschl\u00e4uche"},"content":{"rendered":"\n<p>Die H\u00f6chstdruckschl\u00e4uche von HANSA\u2011FLEX kommen immer dann zum Einsatz, wenn besonders hohe Druckleistungen gefordert sind. Mit L\u00f6sungen f\u00fcr die \u00d6l- und Gasindustrie, f\u00fcr Wasserstrahl- und Hydraulikanwendungen sowie f\u00fcr den Automobilbau k\u00f6nnen Dr\u00fccke bis 4.000 bar realisiert werden. H\u00f6chstdruckschl\u00e4uche werden von HANSA\u2011FLEX auf Anfrage speziell f\u00fcr Sie als einbaufertige Schlauchleitungen konfektioniert.<\/p>\n","protected":false},"excerpt":{"rendered":"<p>Die H\u00f6chstdruckschl\u00e4uche von HANSA\u2011FLEX kommen immer dann zum Einsatz, wenn besonders hohe Druckleistungen gefordert sind. Mit L\u00f6sungen f\u00fcr die \u00d6l- und Gasindustrie, f\u00fcr Wasserstrahl- und Hydraulikanwendungen sowie f\u00fcr den Automobilbau k\u00f6nnen Dr\u00fccke bis 4.000 bar realisiert werden. H\u00f6chstdruckschl\u00e4uche werden von HANSA\u2011FLEX auf Anfrage speziell f\u00fcr Sie als einbaufertige Schlauchleitungen konfektioniert.<\/p>\n","protected":false},"author":3,"featured_media":5912,"parent":6730,"menu_order":0,"comment_status":"closed","ping_status":"closed","template":"","meta":{"_acf_changed":true,"footnotes":""},"class_list":["post-6878","page","type-page","status-publish","has-post-thumbnail","hentry"],"acf":[],"_links":{"self":[{"href":"https:\/\/hansa-flex.si\/de\/wp-json\/wp\/v2\/pages\/6878","targetHints":{"allow":["GET"]}}],"collection":[{"href":"https:\/\/hansa-flex.si\/de\/wp-json\/wp\/v2\/pages"}],"about":[{"href":"https:\/\/hansa-flex.si\/de\/wp-json\/wp\/v2\/types\/page"}],"author":[{"embeddable":true,"href":"https:\/\/hansa-flex.si\/de\/wp-json\/wp\/v2\/users\/3"}],"replies":[{"embeddable":true,"href":"https:\/\/hansa-flex.si\/de\/wp-json\/wp\/v2\/comments?post=6878"}],"version-history":[{"count":0,"href":"https:\/\/hansa-flex.si\/de\/wp-json\/wp\/v2\/pages\/6878\/revisions"}],"up":[{"embeddable":true,"href":"https:\/\/hansa-flex.si\/de\/wp-json\/wp\/v2\/pages\/6730"}],"wp:featuredmedia":[{"embeddable":true,"href":"https:\/\/hansa-flex.si\/de\/wp-json\/wp\/v2\/media\/5912"}],"wp:attachment":[{"href":"https:\/\/hansa-flex.si\/de\/wp-json\/wp\/v2\/media?parent=6878"}],"curies":[{"name":"wp","href":"https:\/\/api.w.org\/{rel}","templated":true}]}}