{"id":6892,"date":"2024-03-19T10:50:27","date_gmt":"2024-03-19T08:50:27","guid":{"rendered":"https:\/\/hansa-flex.si\/?page_id=6892"},"modified":"2024-04-09T19:18:30","modified_gmt":"2024-04-09T16:18:30","slug":"ptfe-schlaeuche","status":"publish","type":"page","link":"https:\/\/hansa-flex.si\/de\/produkte\/schlaeuche-und-schlauchleitungen\/ptfe-schlaeuche\/","title":{"rendered":"PTFE schl\u00e4uche"},"content":{"rendered":"\n<p>PTFE-Schl\u00e4uche von HANSA\u2011FLEX zeichnen sich durch ihre hohe chemische Best\u00e4ndigkeit gegen\u00fcber den meisten Medien, eine hohe Flexibilit\u00e4t sowie Langlebigkeit aus. In der Lebensmittel- und Pharmaindustrie garantieren sie Geschmacks- und Geruchsneutralit\u00e4t sowie bakteriologische Sicherheit bei der Bef\u00f6rderung sensibler Produkte.<\/p>\n","protected":false},"excerpt":{"rendered":"<p>PTFE-Schl\u00e4uche von HANSA\u2011FLEX zeichnen sich durch ihre hohe chemische Best\u00e4ndigkeit gegen\u00fcber den meisten Medien, eine hohe Flexibilit\u00e4t sowie Langlebigkeit aus. In der Lebensmittel- und Pharmaindustrie garantieren sie Geschmacks- und Geruchsneutralit\u00e4t sowie bakteriologische Sicherheit bei der Bef\u00f6rderung sensibler Produkte.<\/p>\n","protected":false},"author":3,"featured_media":5923,"parent":6730,"menu_order":0,"comment_status":"closed","ping_status":"closed","template":"","meta":{"_acf_changed":true,"footnotes":""},"class_list":["post-6892","page","type-page","status-publish","has-post-thumbnail","hentry"],"acf":[],"_links":{"self":[{"href":"https:\/\/hansa-flex.si\/de\/wp-json\/wp\/v2\/pages\/6892","targetHints":{"allow":["GET"]}}],"collection":[{"href":"https:\/\/hansa-flex.si\/de\/wp-json\/wp\/v2\/pages"}],"about":[{"href":"https:\/\/hansa-flex.si\/de\/wp-json\/wp\/v2\/types\/page"}],"author":[{"embeddable":true,"href":"https:\/\/hansa-flex.si\/de\/wp-json\/wp\/v2\/users\/3"}],"replies":[{"embeddable":true,"href":"https:\/\/hansa-flex.si\/de\/wp-json\/wp\/v2\/comments?post=6892"}],"version-history":[{"count":0,"href":"https:\/\/hansa-flex.si\/de\/wp-json\/wp\/v2\/pages\/6892\/revisions"}],"up":[{"embeddable":true,"href":"https:\/\/hansa-flex.si\/de\/wp-json\/wp\/v2\/pages\/6730"}],"wp:featuredmedia":[{"embeddable":true,"href":"https:\/\/hansa-flex.si\/de\/wp-json\/wp\/v2\/media\/5923"}],"wp:attachment":[{"href":"https:\/\/hansa-flex.si\/de\/wp-json\/wp\/v2\/media?parent=6892"}],"curies":[{"name":"wp","href":"https:\/\/api.w.org\/{rel}","templated":true}]}}