{"id":6907,"date":"2024-03-19T11:53:47","date_gmt":"2024-03-19T09:53:47","guid":{"rendered":"https:\/\/hansa-flex.si\/?page_id=6907"},"modified":"2024-04-11T16:11:13","modified_gmt":"2024-04-11T13:11:13","slug":"zubehoer","status":"publish","type":"page","link":"https:\/\/hansa-flex.si\/de\/produkte\/schlaeuche-und-schlauchleitungen\/zubehoer\/","title":{"rendered":"Zubeh\u00f6r"},"content":{"rendered":"\n<p>Schlauchleitungen von HANSA\u2011FLEX \u00fcberzeugen in zahlreichen Anwendungen durch h\u00f6chste Qualit\u00e4t. Bei besonders hohen mechanischen Anforderungen oder Einwirkung gro\u00dfer Hitze sch\u00fctzen Produkte aus dem HANSA\u2011FLEX Zubeh\u00f6rportfolio zus\u00e4tzlich sowohl den gef\u00e4hrdeten Schlauchbereich als auch Personen beispielsweise gegen \u00d6lstrahlverletzungen.<\/p>\n","protected":false},"excerpt":{"rendered":"<p>Schlauchleitungen von HANSA\u2011FLEX \u00fcberzeugen in zahlreichen Anwendungen durch h\u00f6chste Qualit\u00e4t. Bei besonders hohen mechanischen Anforderungen oder Einwirkung gro\u00dfer Hitze sch\u00fctzen Produkte aus dem HANSA\u2011FLEX Zubeh\u00f6rportfolio zus\u00e4tzlich sowohl den gef\u00e4hrdeten Schlauchbereich als auch Personen beispielsweise gegen \u00d6lstrahlverletzungen.<\/p>\n","protected":false},"author":3,"featured_media":5927,"parent":6730,"menu_order":0,"comment_status":"closed","ping_status":"closed","template":"","meta":{"_acf_changed":true,"footnotes":""},"class_list":["post-6907","page","type-page","status-publish","has-post-thumbnail","hentry"],"acf":[],"_links":{"self":[{"href":"https:\/\/hansa-flex.si\/de\/wp-json\/wp\/v2\/pages\/6907","targetHints":{"allow":["GET"]}}],"collection":[{"href":"https:\/\/hansa-flex.si\/de\/wp-json\/wp\/v2\/pages"}],"about":[{"href":"https:\/\/hansa-flex.si\/de\/wp-json\/wp\/v2\/types\/page"}],"author":[{"embeddable":true,"href":"https:\/\/hansa-flex.si\/de\/wp-json\/wp\/v2\/users\/3"}],"replies":[{"embeddable":true,"href":"https:\/\/hansa-flex.si\/de\/wp-json\/wp\/v2\/comments?post=6907"}],"version-history":[{"count":0,"href":"https:\/\/hansa-flex.si\/de\/wp-json\/wp\/v2\/pages\/6907\/revisions"}],"up":[{"embeddable":true,"href":"https:\/\/hansa-flex.si\/de\/wp-json\/wp\/v2\/pages\/6730"}],"wp:featuredmedia":[{"embeddable":true,"href":"https:\/\/hansa-flex.si\/de\/wp-json\/wp\/v2\/media\/5927"}],"wp:attachment":[{"href":"https:\/\/hansa-flex.si\/de\/wp-json\/wp\/v2\/media?parent=6907"}],"curies":[{"name":"wp","href":"https:\/\/api.w.org\/{rel}","templated":true}]}}