{"id":6949,"date":"2024-03-19T16:07:48","date_gmt":"2024-03-19T14:07:48","guid":{"rendered":"https:\/\/hansa-flex.si\/?page_id=6949"},"modified":"2024-04-09T21:18:59","modified_gmt":"2024-04-09T18:18:59","slug":"kompensatoren","status":"publish","type":"page","link":"https:\/\/hansa-flex.si\/de\/produkte\/rohrleitungen\/kompensatoren\/","title":{"rendered":"Kompensatoren"},"content":{"rendered":"\n<p>Kompensatoren gleichen L\u00e4ngen- und Winkel\u00e4nderungen, hervorgerufen durch Temperaturunterschiede, Fundamentabsenkungen oder Ungenauigkeiten bei der Montage, zuverl\u00e4ssig aus. Sie sch\u00fctzen damit Rohrleitungen, Maschinen und Apparate vor Besch\u00e4digungen.<\/p>\n","protected":false},"excerpt":{"rendered":"<p>Kompensatoren gleichen L\u00e4ngen- und Winkel\u00e4nderungen, hervorgerufen durch Temperaturunterschiede, Fundamentabsenkungen oder Ungenauigkeiten bei der Montage, zuverl\u00e4ssig aus. Sie sch\u00fctzen damit Rohrleitungen, Maschinen und Apparate vor Besch\u00e4digungen.<\/p>\n","protected":false},"author":3,"featured_media":5958,"parent":6912,"menu_order":0,"comment_status":"closed","ping_status":"closed","template":"","meta":{"_acf_changed":true,"footnotes":""},"class_list":["post-6949","page","type-page","status-publish","has-post-thumbnail","hentry"],"acf":[],"_links":{"self":[{"href":"https:\/\/hansa-flex.si\/de\/wp-json\/wp\/v2\/pages\/6949","targetHints":{"allow":["GET"]}}],"collection":[{"href":"https:\/\/hansa-flex.si\/de\/wp-json\/wp\/v2\/pages"}],"about":[{"href":"https:\/\/hansa-flex.si\/de\/wp-json\/wp\/v2\/types\/page"}],"author":[{"embeddable":true,"href":"https:\/\/hansa-flex.si\/de\/wp-json\/wp\/v2\/users\/3"}],"replies":[{"embeddable":true,"href":"https:\/\/hansa-flex.si\/de\/wp-json\/wp\/v2\/comments?post=6949"}],"version-history":[{"count":0,"href":"https:\/\/hansa-flex.si\/de\/wp-json\/wp\/v2\/pages\/6949\/revisions"}],"up":[{"embeddable":true,"href":"https:\/\/hansa-flex.si\/de\/wp-json\/wp\/v2\/pages\/6912"}],"wp:featuredmedia":[{"embeddable":true,"href":"https:\/\/hansa-flex.si\/de\/wp-json\/wp\/v2\/media\/5958"}],"wp:attachment":[{"href":"https:\/\/hansa-flex.si\/de\/wp-json\/wp\/v2\/media?parent=6949"}],"curies":[{"name":"wp","href":"https:\/\/api.w.org\/{rel}","templated":true}]}}