{"id":6981,"date":"2024-03-20T12:25:31","date_gmt":"2024-03-20T10:25:31","guid":{"rendered":"https:\/\/hansa-flex.si\/?page_id=6981"},"modified":"2024-04-10T00:12:41","modified_gmt":"2024-04-09T21:12:41","slug":"kupplungen","status":"publish","type":"page","link":"https:\/\/hansa-flex.si\/de\/produkte\/hydraulische-verbindungstechnik\/kupplungen\/","title":{"rendered":"Kupplungen"},"content":{"rendered":"\n<p>Kupplungen sind in der Station\u00e4r- und Mobilhydraulik das Mittel der Wahl, wenn Anbauger\u00e4te schnell gewechselt, Maschinen sicher verbunden oder hoch beanspruchte Schlauchleitungen unkompliziert augetauscht werden sollen. Bei HANSA\u2011FLEX finden Sie f\u00fcr alle Anwendungen die passenden Schnellkupplungen in verschiedenen Materialausf\u00fchrungen wie Stahl oder Edelstahl, zahlreichen Baugr\u00f6\u00dfen und Dichtformen.<\/p>\n","protected":false},"excerpt":{"rendered":"<p>Kupplungen sind in der Station\u00e4r- und Mobilhydraulik das Mittel der Wahl, wenn Anbauger\u00e4te schnell gewechselt, Maschinen sicher verbunden oder hoch beanspruchte Schlauchleitungen unkompliziert augetauscht werden sollen. Bei HANSA\u2011FLEX finden Sie f\u00fcr alle Anwendungen die passenden Schnellkupplungen in verschiedenen Materialausf\u00fchrungen wie Stahl oder Edelstahl, zahlreichen Baugr\u00f6\u00dfen und Dichtformen.<\/p>\n","protected":false},"author":3,"featured_media":6015,"parent":6951,"menu_order":0,"comment_status":"closed","ping_status":"closed","template":"","meta":{"_acf_changed":true,"footnotes":""},"class_list":["post-6981","page","type-page","status-publish","has-post-thumbnail","hentry"],"acf":[],"_links":{"self":[{"href":"https:\/\/hansa-flex.si\/de\/wp-json\/wp\/v2\/pages\/6981","targetHints":{"allow":["GET"]}}],"collection":[{"href":"https:\/\/hansa-flex.si\/de\/wp-json\/wp\/v2\/pages"}],"about":[{"href":"https:\/\/hansa-flex.si\/de\/wp-json\/wp\/v2\/types\/page"}],"author":[{"embeddable":true,"href":"https:\/\/hansa-flex.si\/de\/wp-json\/wp\/v2\/users\/3"}],"replies":[{"embeddable":true,"href":"https:\/\/hansa-flex.si\/de\/wp-json\/wp\/v2\/comments?post=6981"}],"version-history":[{"count":0,"href":"https:\/\/hansa-flex.si\/de\/wp-json\/wp\/v2\/pages\/6981\/revisions"}],"up":[{"embeddable":true,"href":"https:\/\/hansa-flex.si\/de\/wp-json\/wp\/v2\/pages\/6951"}],"wp:featuredmedia":[{"embeddable":true,"href":"https:\/\/hansa-flex.si\/de\/wp-json\/wp\/v2\/media\/6015"}],"wp:attachment":[{"href":"https:\/\/hansa-flex.si\/de\/wp-json\/wp\/v2\/media?parent=6981"}],"curies":[{"name":"wp","href":"https:\/\/api.w.org\/{rel}","templated":true}]}}