{"id":7005,"date":"2024-03-20T16:34:41","date_gmt":"2024-03-20T14:34:41","guid":{"rendered":"https:\/\/hansa-flex.si\/?page_id=7005"},"modified":"2024-04-11T16:55:00","modified_gmt":"2024-04-11T13:55:00","slug":"pumpen","status":"publish","type":"page","link":"https:\/\/hansa-flex.si\/de\/produkte\/antriebs-und-steuerungstechnik\/pumpen\/","title":{"rendered":"Pumpen"},"content":{"rendered":"\n<p>Hydraulikpumpen sind das Herzst\u00fcck jeder hydraulischen Anlage. Sie bauen den Druck im System auf und bringen die Energie des \u00d6ls dorthin, wo sie ben\u00f6tigt wird. Unser umfassendes Lieferprogramm an Zahnrad- und Axialkolbenpumpen in bew\u00e4hrter HANSA\u2011FLEX Qualit\u00e4t deckt weite Anforderungsbereiche der Industrie- und Mobilhydraulik ab.<\/p>\n","protected":false},"excerpt":{"rendered":"<p>Hydraulikpumpen sind das Herzst\u00fcck jeder hydraulischen Anlage. Sie bauen den Druck im System auf und bringen die Energie des \u00d6ls dorthin, wo sie ben\u00f6tigt wird. Unser umfassendes Lieferprogramm an Zahnrad- und Axialkolbenpumpen in bew\u00e4hrter HANSA\u2011FLEX Qualit\u00e4t deckt weite Anforderungsbereiche der Industrie- und Mobilhydraulik ab.<\/p>\n","protected":false},"author":3,"featured_media":6044,"parent":6991,"menu_order":0,"comment_status":"closed","ping_status":"closed","template":"","meta":{"_acf_changed":true,"footnotes":""},"class_list":["post-7005","page","type-page","status-publish","has-post-thumbnail","hentry"],"acf":[],"_links":{"self":[{"href":"https:\/\/hansa-flex.si\/de\/wp-json\/wp\/v2\/pages\/7005","targetHints":{"allow":["GET"]}}],"collection":[{"href":"https:\/\/hansa-flex.si\/de\/wp-json\/wp\/v2\/pages"}],"about":[{"href":"https:\/\/hansa-flex.si\/de\/wp-json\/wp\/v2\/types\/page"}],"author":[{"embeddable":true,"href":"https:\/\/hansa-flex.si\/de\/wp-json\/wp\/v2\/users\/3"}],"replies":[{"embeddable":true,"href":"https:\/\/hansa-flex.si\/de\/wp-json\/wp\/v2\/comments?post=7005"}],"version-history":[{"count":0,"href":"https:\/\/hansa-flex.si\/de\/wp-json\/wp\/v2\/pages\/7005\/revisions"}],"up":[{"embeddable":true,"href":"https:\/\/hansa-flex.si\/de\/wp-json\/wp\/v2\/pages\/6991"}],"wp:featuredmedia":[{"embeddable":true,"href":"https:\/\/hansa-flex.si\/de\/wp-json\/wp\/v2\/media\/6044"}],"wp:attachment":[{"href":"https:\/\/hansa-flex.si\/de\/wp-json\/wp\/v2\/media?parent=7005"}],"curies":[{"name":"wp","href":"https:\/\/api.w.org\/{rel}","templated":true}]}}