{"id":7032,"date":"2024-03-20T17:36:44","date_gmt":"2024-03-20T15:36:44","guid":{"rendered":"https:\/\/hansa-flex.si\/?page_id=7032"},"modified":"2024-04-10T00:26:31","modified_gmt":"2024-04-09T21:26:31","slug":"hydraulikmotoren","status":"publish","type":"page","link":"https:\/\/hansa-flex.si\/de\/produkte\/antriebs-und-steuerungstechnik\/hydraulikmotoren\/","title":{"rendered":"Hydraulikmotoren"},"content":{"rendered":"\n<p>Hydraulikmotoren wandeln hydraulische in mechanische Energie um. Abgestimmt an die Leistungsdaten Ihrer Maschine und Anlage bieten wir ein breites Portfolio an Gerollermotoren sowie Gerotormotoren in bew\u00e4hrter Qualit\u00e4t als Premium- oder wirtschaftliche Economy-Variante f\u00fcr zahlreiche Anwendungen in der Mobil- und Industriehydraulik.<\/p>\n","protected":false},"excerpt":{"rendered":"<p>Hydraulikmotoren wandeln hydraulische in mechanische Energie um. Abgestimmt an die Leistungsdaten Ihrer Maschine und Anlage bieten wir ein breites Portfolio an Gerollermotoren sowie Gerotormotoren in bew\u00e4hrter Qualit\u00e4t als Premium- oder wirtschaftliche Economy-Variante f\u00fcr zahlreiche Anwendungen in der Mobil- und Industriehydraulik.<\/p>\n","protected":false},"author":3,"featured_media":6056,"parent":6991,"menu_order":0,"comment_status":"closed","ping_status":"closed","template":"","meta":{"_acf_changed":true,"footnotes":""},"class_list":["post-7032","page","type-page","status-publish","has-post-thumbnail","hentry"],"acf":[],"_links":{"self":[{"href":"https:\/\/hansa-flex.si\/de\/wp-json\/wp\/v2\/pages\/7032","targetHints":{"allow":["GET"]}}],"collection":[{"href":"https:\/\/hansa-flex.si\/de\/wp-json\/wp\/v2\/pages"}],"about":[{"href":"https:\/\/hansa-flex.si\/de\/wp-json\/wp\/v2\/types\/page"}],"author":[{"embeddable":true,"href":"https:\/\/hansa-flex.si\/de\/wp-json\/wp\/v2\/users\/3"}],"replies":[{"embeddable":true,"href":"https:\/\/hansa-flex.si\/de\/wp-json\/wp\/v2\/comments?post=7032"}],"version-history":[{"count":0,"href":"https:\/\/hansa-flex.si\/de\/wp-json\/wp\/v2\/pages\/7032\/revisions"}],"up":[{"embeddable":true,"href":"https:\/\/hansa-flex.si\/de\/wp-json\/wp\/v2\/pages\/6991"}],"wp:featuredmedia":[{"embeddable":true,"href":"https:\/\/hansa-flex.si\/de\/wp-json\/wp\/v2\/media\/6056"}],"wp:attachment":[{"href":"https:\/\/hansa-flex.si\/de\/wp-json\/wp\/v2\/media?parent=7032"}],"curies":[{"name":"wp","href":"https:\/\/api.w.org\/{rel}","templated":true}]}}