{"id":7035,"date":"2024-03-20T17:57:53","date_gmt":"2024-03-20T15:57:53","guid":{"rendered":"https:\/\/hansa-flex.si\/?page_id=7035"},"modified":"2024-04-10T00:27:46","modified_gmt":"2024-04-09T21:27:46","slug":"zylinder","status":"publish","type":"page","link":"https:\/\/hansa-flex.si\/de\/produkte\/antriebs-und-steuerungstechnik\/zylinder\/","title":{"rendered":"Hydraulikzylinder"},"content":{"rendered":"\n<p>Hydraulikzylinder leisten Schwerstarbeit. Als wichtigstes Antriebselement in der Hydraulik wandeln sie die Druckenergie der Hydraulikfl\u00fcssigkeit in mechanische Energie um. Zylinder sind in der Lage, sehr hohe Kr\u00e4fte zu \u00fcbertragen und dabei gleichf\u00f6rmige und exakte Fahrbewegungen abzubilden.<\/p>\n","protected":false},"excerpt":{"rendered":"<p>Hydraulikzylinder leisten Schwerstarbeit. Als wichtigstes Antriebselement in der Hydraulik wandeln sie die Druckenergie der Hydraulikfl\u00fcssigkeit in mechanische Energie um. Zylinder sind in der Lage, sehr hohe Kr\u00e4fte zu \u00fcbertragen und dabei gleichf\u00f6rmige und exakte Fahrbewegungen abzubilden.<\/p>\n","protected":false},"author":3,"featured_media":6061,"parent":6991,"menu_order":0,"comment_status":"closed","ping_status":"closed","template":"","meta":{"_acf_changed":true,"footnotes":""},"class_list":["post-7035","page","type-page","status-publish","has-post-thumbnail","hentry"],"acf":[],"_links":{"self":[{"href":"https:\/\/hansa-flex.si\/de\/wp-json\/wp\/v2\/pages\/7035","targetHints":{"allow":["GET"]}}],"collection":[{"href":"https:\/\/hansa-flex.si\/de\/wp-json\/wp\/v2\/pages"}],"about":[{"href":"https:\/\/hansa-flex.si\/de\/wp-json\/wp\/v2\/types\/page"}],"author":[{"embeddable":true,"href":"https:\/\/hansa-flex.si\/de\/wp-json\/wp\/v2\/users\/3"}],"replies":[{"embeddable":true,"href":"https:\/\/hansa-flex.si\/de\/wp-json\/wp\/v2\/comments?post=7035"}],"version-history":[{"count":0,"href":"https:\/\/hansa-flex.si\/de\/wp-json\/wp\/v2\/pages\/7035\/revisions"}],"up":[{"embeddable":true,"href":"https:\/\/hansa-flex.si\/de\/wp-json\/wp\/v2\/pages\/6991"}],"wp:featuredmedia":[{"embeddable":true,"href":"https:\/\/hansa-flex.si\/de\/wp-json\/wp\/v2\/media\/6061"}],"wp:attachment":[{"href":"https:\/\/hansa-flex.si\/de\/wp-json\/wp\/v2\/media?parent=7035"}],"curies":[{"name":"wp","href":"https:\/\/api.w.org\/{rel}","templated":true}]}}