{"id":7038,"date":"2024-03-21T10:33:12","date_gmt":"2024-03-21T08:33:12","guid":{"rendered":"https:\/\/hansa-flex.si\/?page_id=7038"},"modified":"2024-04-12T14:58:39","modified_gmt":"2024-04-12T12:58:39","slug":"schalter-und-sensoren","status":"publish","type":"page","link":"https:\/\/hansa-flex.si\/de\/produkte\/antriebs-und-steuerungstechnik\/schalter-und-sensoren\/","title":{"rendered":"Schalter und Sensoren"},"content":{"rendered":"\n<p>Schalter und Sensoren f\u00fcr verschiedene Prozessgr\u00f6\u00dfen wie Druck, F\u00fcllstand und Temperatur dienen der Regelung, Steuerung und \u00dcberwachung von Hydraulikanlagen. Als One-Stop-Partner bietet HANSA\u2011FLEX eine gro\u00dfe Auswahl an langlebigen Druck-, Temperatur- und Niveauschaltern sowie Sensoren.<\/p>\n","protected":false},"excerpt":{"rendered":"<p>Schalter und Sensoren f\u00fcr verschiedene Prozessgr\u00f6\u00dfen wie Druck, F\u00fcllstand und Temperatur dienen der Regelung, Steuerung und \u00dcberwachung von Hydraulikanlagen. Als One-Stop-Partner bietet HANSA\u2011FLEX eine gro\u00dfe Auswahl an langlebigen Druck-, Temperatur- und Niveauschaltern sowie Sensoren.<\/p>\n","protected":false},"author":3,"featured_media":6073,"parent":6991,"menu_order":0,"comment_status":"closed","ping_status":"closed","template":"","meta":{"_acf_changed":true,"footnotes":""},"class_list":["post-7038","page","type-page","status-publish","has-post-thumbnail","hentry"],"acf":[],"_links":{"self":[{"href":"https:\/\/hansa-flex.si\/de\/wp-json\/wp\/v2\/pages\/7038","targetHints":{"allow":["GET"]}}],"collection":[{"href":"https:\/\/hansa-flex.si\/de\/wp-json\/wp\/v2\/pages"}],"about":[{"href":"https:\/\/hansa-flex.si\/de\/wp-json\/wp\/v2\/types\/page"}],"author":[{"embeddable":true,"href":"https:\/\/hansa-flex.si\/de\/wp-json\/wp\/v2\/users\/3"}],"replies":[{"embeddable":true,"href":"https:\/\/hansa-flex.si\/de\/wp-json\/wp\/v2\/comments?post=7038"}],"version-history":[{"count":0,"href":"https:\/\/hansa-flex.si\/de\/wp-json\/wp\/v2\/pages\/7038\/revisions"}],"up":[{"embeddable":true,"href":"https:\/\/hansa-flex.si\/de\/wp-json\/wp\/v2\/pages\/6991"}],"wp:featuredmedia":[{"embeddable":true,"href":"https:\/\/hansa-flex.si\/de\/wp-json\/wp\/v2\/media\/6073"}],"wp:attachment":[{"href":"https:\/\/hansa-flex.si\/de\/wp-json\/wp\/v2\/media?parent=7038"}],"curies":[{"name":"wp","href":"https:\/\/api.w.org\/{rel}","templated":true}]}}