{"id":7053,"date":"2024-03-21T11:51:58","date_gmt":"2024-03-21T09:51:58","guid":{"rendered":"https:\/\/hansa-flex.si\/?page_id=7053"},"modified":"2024-04-10T00:33:14","modified_gmt":"2024-04-09T21:33:14","slug":"rohrleitungseinbauventile","status":"publish","type":"page","link":"https:\/\/hansa-flex.si\/de\/produkte\/antriebs-und-steuerungstechnik\/ventiltechnik\/rohrleitungseinbauventile\/","title":{"rendered":"Rohrleitungseinbauventile"},"content":{"rendered":"\n<p>Rohrleitungseinbauventile werden direkt im Leitungssystem von Hydraulikanlagen montiert und \u00fcbernehmen Grundfunktionen wie die Druckbegrenzung oder Regelung des Volumenstroms. Die kompakten Ventile kommen ohne zus\u00e4tzliche Geh\u00e4use oder Grundplatten aus.<\/p>\n","protected":false},"excerpt":{"rendered":"<p>Rohrleitungseinbauventile werden direkt im Leitungssystem von Hydraulikanlagen montiert und \u00fcbernehmen Grundfunktionen wie die Druckbegrenzung oder Regelung des Volumenstroms. Die kompakten Ventile kommen ohne zus\u00e4tzliche Geh\u00e4use oder Grundplatten aus.<\/p>\n","protected":false},"author":3,"featured_media":6088,"parent":7045,"menu_order":0,"comment_status":"closed","ping_status":"closed","template":"","meta":{"_acf_changed":true,"footnotes":""},"class_list":["post-7053","page","type-page","status-publish","has-post-thumbnail","hentry"],"acf":[],"_links":{"self":[{"href":"https:\/\/hansa-flex.si\/de\/wp-json\/wp\/v2\/pages\/7053","targetHints":{"allow":["GET"]}}],"collection":[{"href":"https:\/\/hansa-flex.si\/de\/wp-json\/wp\/v2\/pages"}],"about":[{"href":"https:\/\/hansa-flex.si\/de\/wp-json\/wp\/v2\/types\/page"}],"author":[{"embeddable":true,"href":"https:\/\/hansa-flex.si\/de\/wp-json\/wp\/v2\/users\/3"}],"replies":[{"embeddable":true,"href":"https:\/\/hansa-flex.si\/de\/wp-json\/wp\/v2\/comments?post=7053"}],"version-history":[{"count":0,"href":"https:\/\/hansa-flex.si\/de\/wp-json\/wp\/v2\/pages\/7053\/revisions"}],"up":[{"embeddable":true,"href":"https:\/\/hansa-flex.si\/de\/wp-json\/wp\/v2\/pages\/7045"}],"wp:featuredmedia":[{"embeddable":true,"href":"https:\/\/hansa-flex.si\/de\/wp-json\/wp\/v2\/media\/6088"}],"wp:attachment":[{"href":"https:\/\/hansa-flex.si\/de\/wp-json\/wp\/v2\/media?parent=7053"}],"curies":[{"name":"wp","href":"https:\/\/api.w.org\/{rel}","templated":true}]}}