{"id":7057,"date":"2024-03-21T12:13:26","date_gmt":"2024-03-21T10:13:26","guid":{"rendered":"https:\/\/hansa-flex.si\/?page_id=7057"},"modified":"2024-04-10T00:35:32","modified_gmt":"2024-04-09T21:35:32","slug":"cartridgeventile","status":"publish","type":"page","link":"https:\/\/hansa-flex.si\/de\/produkte\/antriebs-und-steuerungstechnik\/ventiltechnik\/cartridgeventile\/","title":{"rendered":"Cartridgeventile"},"content":{"rendered":"\n<p>Cartridge- oder Patronen-Einschraubventile werden direkt in Ventilbl\u00f6cke oder Ventilgeh\u00e4use geschraubt. Dadurch k\u00f6nnen komplexe Fluidsteuerungen auf kleinstem Raum realisiert werden. Bisher fanden Cartridge-Einschraubventile haupts\u00e4chlich in der Mobilhydraulik Anwendung.<\/p>\n","protected":false},"excerpt":{"rendered":"<p>Cartridge- oder Patronen-Einschraubventile werden direkt in Ventilbl\u00f6cke oder Ventilgeh\u00e4use geschraubt. Dadurch k\u00f6nnen komplexe Fluidsteuerungen auf kleinstem Raum realisiert werden. Bisher fanden Cartridge-Einschraubventile haupts\u00e4chlich in der Mobilhydraulik Anwendung.<\/p>\n","protected":false},"author":3,"featured_media":6095,"parent":7045,"menu_order":0,"comment_status":"closed","ping_status":"closed","template":"","meta":{"_acf_changed":true,"footnotes":""},"class_list":["post-7057","page","type-page","status-publish","has-post-thumbnail","hentry"],"acf":[],"_links":{"self":[{"href":"https:\/\/hansa-flex.si\/de\/wp-json\/wp\/v2\/pages\/7057","targetHints":{"allow":["GET"]}}],"collection":[{"href":"https:\/\/hansa-flex.si\/de\/wp-json\/wp\/v2\/pages"}],"about":[{"href":"https:\/\/hansa-flex.si\/de\/wp-json\/wp\/v2\/types\/page"}],"author":[{"embeddable":true,"href":"https:\/\/hansa-flex.si\/de\/wp-json\/wp\/v2\/users\/3"}],"replies":[{"embeddable":true,"href":"https:\/\/hansa-flex.si\/de\/wp-json\/wp\/v2\/comments?post=7057"}],"version-history":[{"count":0,"href":"https:\/\/hansa-flex.si\/de\/wp-json\/wp\/v2\/pages\/7057\/revisions"}],"up":[{"embeddable":true,"href":"https:\/\/hansa-flex.si\/de\/wp-json\/wp\/v2\/pages\/7045"}],"wp:featuredmedia":[{"embeddable":true,"href":"https:\/\/hansa-flex.si\/de\/wp-json\/wp\/v2\/media\/6095"}],"wp:attachment":[{"href":"https:\/\/hansa-flex.si\/de\/wp-json\/wp\/v2\/media?parent=7057"}],"curies":[{"name":"wp","href":"https:\/\/api.w.org\/{rel}","templated":true}]}}