{"id":7128,"date":"2024-03-21T16:29:50","date_gmt":"2024-03-21T14:29:50","guid":{"rendered":"https:\/\/hansa-flex.si\/?page_id=7128"},"modified":"2024-04-12T15:02:49","modified_gmt":"2024-04-12T13:02:49","slug":"filtration","status":"publish","type":"page","link":"https:\/\/hansa-flex.si\/de\/produkte\/filtration\/","title":{"rendered":"Filtration"},"content":{"rendered":"\n<p>Effektive Filtration ist die Grundvoraussetzung f\u00fcr die Funktionsf\u00e4higkeit und einer langen Lebensdauer hochsensibler Hydrauliksysteme. Mit der Filtertechnik von HANSA\u2011FLEX sorgen Sie f\u00fcr sauberes \u00d6l und damit f\u00fcr einen reibungslosen Betrieb Ihrer Maschinen und Anlagen.<\/p>\n","protected":false},"excerpt":{"rendered":"<p>Effektive Filtration ist die Grundvoraussetzung f\u00fcr die Funktionsf\u00e4higkeit und einer langen Lebensdauer hochsensibler Hydrauliksysteme. Mit der Filtertechnik von HANSA\u2011FLEX sorgen Sie f\u00fcr sauberes \u00d6l und damit f\u00fcr einen reibungslosen Betrieb Ihrer Maschinen und Anlagen.<\/p>\n","protected":false},"author":3,"featured_media":6157,"parent":5842,"menu_order":0,"comment_status":"closed","ping_status":"closed","template":"","meta":{"_acf_changed":true,"footnotes":""},"class_list":["post-7128","page","type-page","status-publish","has-post-thumbnail","hentry"],"acf":[],"_links":{"self":[{"href":"https:\/\/hansa-flex.si\/de\/wp-json\/wp\/v2\/pages\/7128","targetHints":{"allow":["GET"]}}],"collection":[{"href":"https:\/\/hansa-flex.si\/de\/wp-json\/wp\/v2\/pages"}],"about":[{"href":"https:\/\/hansa-flex.si\/de\/wp-json\/wp\/v2\/types\/page"}],"author":[{"embeddable":true,"href":"https:\/\/hansa-flex.si\/de\/wp-json\/wp\/v2\/users\/3"}],"replies":[{"embeddable":true,"href":"https:\/\/hansa-flex.si\/de\/wp-json\/wp\/v2\/comments?post=7128"}],"version-history":[{"count":0,"href":"https:\/\/hansa-flex.si\/de\/wp-json\/wp\/v2\/pages\/7128\/revisions"}],"up":[{"embeddable":true,"href":"https:\/\/hansa-flex.si\/de\/wp-json\/wp\/v2\/pages\/5842"}],"wp:featuredmedia":[{"embeddable":true,"href":"https:\/\/hansa-flex.si\/de\/wp-json\/wp\/v2\/media\/6157"}],"wp:attachment":[{"href":"https:\/\/hansa-flex.si\/de\/wp-json\/wp\/v2\/media?parent=7128"}],"curies":[{"name":"wp","href":"https:\/\/api.w.org\/{rel}","templated":true}]}}