{"id":7137,"date":"2024-03-21T17:21:40","date_gmt":"2024-03-21T15:21:40","guid":{"rendered":"https:\/\/hansa-flex.si\/?page_id=7137"},"modified":"2024-04-12T15:04:37","modified_gmt":"2024-04-12T13:04:37","slug":"pneumatik","status":"publish","type":"page","link":"https:\/\/hansa-flex.si\/de\/produkte\/pneumatik\/","title":{"rendered":"Pneumatik"},"content":{"rendered":"\n<p>Pneumatik bildet die Basis f\u00fcr automatisierte Prozesse in Logistikzentren, Kleinteilelagern oder der Automobilbranche. Dar\u00fcber hinaus ist Druckluft auch in der Vakuumtechnik und zur digitalen Hub- und Positionserfassung unverzichtbar. Die Qualit\u00e4t der verwendeten Komponenten sowie die Auslegung entscheidet \u00fcber die Produktivit\u00e4t und Wirtschaftlichkeit des Pneumatiksystems.<\/p>\n","protected":false},"excerpt":{"rendered":"<p>Pneumatik bildet die Basis f\u00fcr automatisierte Prozesse in Logistikzentren, Kleinteilelagern oder der Automobilbranche. Dar\u00fcber hinaus ist Druckluft auch in der Vakuumtechnik und zur digitalen Hub- und Positionserfassung unverzichtbar. Die Qualit\u00e4t der verwendeten Komponenten sowie die Auslegung entscheidet \u00fcber die Produktivit\u00e4t und Wirtschaftlichkeit des Pneumatiksystems.<\/p>\n","protected":false},"author":3,"featured_media":6169,"parent":5842,"menu_order":0,"comment_status":"closed","ping_status":"closed","template":"","meta":{"_acf_changed":true,"footnotes":""},"class_list":["post-7137","page","type-page","status-publish","has-post-thumbnail","hentry"],"acf":[],"_links":{"self":[{"href":"https:\/\/hansa-flex.si\/de\/wp-json\/wp\/v2\/pages\/7137","targetHints":{"allow":["GET"]}}],"collection":[{"href":"https:\/\/hansa-flex.si\/de\/wp-json\/wp\/v2\/pages"}],"about":[{"href":"https:\/\/hansa-flex.si\/de\/wp-json\/wp\/v2\/types\/page"}],"author":[{"embeddable":true,"href":"https:\/\/hansa-flex.si\/de\/wp-json\/wp\/v2\/users\/3"}],"replies":[{"embeddable":true,"href":"https:\/\/hansa-flex.si\/de\/wp-json\/wp\/v2\/comments?post=7137"}],"version-history":[{"count":0,"href":"https:\/\/hansa-flex.si\/de\/wp-json\/wp\/v2\/pages\/7137\/revisions"}],"up":[{"embeddable":true,"href":"https:\/\/hansa-flex.si\/de\/wp-json\/wp\/v2\/pages\/5842"}],"wp:featuredmedia":[{"embeddable":true,"href":"https:\/\/hansa-flex.si\/de\/wp-json\/wp\/v2\/media\/6169"}],"wp:attachment":[{"href":"https:\/\/hansa-flex.si\/de\/wp-json\/wp\/v2\/media?parent=7137"}],"curies":[{"name":"wp","href":"https:\/\/api.w.org\/{rel}","templated":true}]}}