{"id":7147,"date":"2024-03-21T17:38:44","date_gmt":"2024-03-21T15:38:44","guid":{"rendered":"https:\/\/hansa-flex.si\/?page_id=7147"},"modified":"2024-04-10T00:57:08","modified_gmt":"2024-04-09T21:57:08","slug":"zulassungen","status":"publish","type":"page","link":"https:\/\/hansa-flex.si\/de\/produkte\/zulassungen\/","title":{"rendered":"Zulassungen"},"content":{"rendered":"\n<p>HANSA\u2011FLEX verf\u00fcgt \u00fcber eine gro\u00dfe Zahl von nationalen und internationalen Zulassungen und Lieferantenqualifizierungen. Beh\u00f6rden, staatliche Auftraggeber, Branchenverb\u00e4nde und renommierte Klassifikationsgesellschaften best\u00e4tigen und dokumentieren im Zuge von Audits und Zulassungsverfahren regelm\u00e4\u00dfig die hohe Qualit\u00e4t und Konformit\u00e4t unserer Angebote als Hersteller, Lieferant und Dienstleister.<\/p>\n","protected":false},"excerpt":{"rendered":"<p>HANSA\u2011FLEX verf\u00fcgt \u00fcber eine gro\u00dfe Zahl von nationalen und internationalen Zulassungen und Lieferantenqualifizierungen. Beh\u00f6rden, staatliche Auftraggeber, Branchenverb\u00e4nde und renommierte Klassifikationsgesellschaften best\u00e4tigen und dokumentieren im Zuge von Audits und Zulassungsverfahren regelm\u00e4\u00dfig die hohe Qualit\u00e4t und Konformit\u00e4t unserer Angebote als Hersteller, Lieferant und Dienstleister.<\/p>\n","protected":false},"author":3,"featured_media":6186,"parent":5842,"menu_order":0,"comment_status":"closed","ping_status":"closed","template":"","meta":{"_acf_changed":true,"footnotes":""},"class_list":["post-7147","page","type-page","status-publish","has-post-thumbnail","hentry"],"acf":[],"_links":{"self":[{"href":"https:\/\/hansa-flex.si\/de\/wp-json\/wp\/v2\/pages\/7147","targetHints":{"allow":["GET"]}}],"collection":[{"href":"https:\/\/hansa-flex.si\/de\/wp-json\/wp\/v2\/pages"}],"about":[{"href":"https:\/\/hansa-flex.si\/de\/wp-json\/wp\/v2\/types\/page"}],"author":[{"embeddable":true,"href":"https:\/\/hansa-flex.si\/de\/wp-json\/wp\/v2\/users\/3"}],"replies":[{"embeddable":true,"href":"https:\/\/hansa-flex.si\/de\/wp-json\/wp\/v2\/comments?post=7147"}],"version-history":[{"count":0,"href":"https:\/\/hansa-flex.si\/de\/wp-json\/wp\/v2\/pages\/7147\/revisions"}],"up":[{"embeddable":true,"href":"https:\/\/hansa-flex.si\/de\/wp-json\/wp\/v2\/pages\/5842"}],"wp:featuredmedia":[{"embeddable":true,"href":"https:\/\/hansa-flex.si\/de\/wp-json\/wp\/v2\/media\/6186"}],"wp:attachment":[{"href":"https:\/\/hansa-flex.si\/de\/wp-json\/wp\/v2\/media?parent=7147"}],"curies":[{"name":"wp","href":"https:\/\/api.w.org\/{rel}","templated":true}]}}