{"id":7285,"date":"2024-03-22T17:03:23","date_gmt":"2024-03-22T15:03:23","guid":{"rendered":"https:\/\/hansa-flex.si\/?page_id=7285"},"modified":"2024-04-10T12:07:22","modified_gmt":"2024-04-10T09:07:22","slug":"modernisierung-und-optimierung","status":"publish","type":"page","link":"https:\/\/hansa-flex.si\/de\/services\/montage-und-installation\/modernisierung-und-optimierung\/","title":{"rendered":"Modernisierung und Optimierung"},"content":{"rendered":"\n<p>Oft ist Retrofitting oder die Modernisierung einer hydraulischen Anlage eine wirtschaftliche Alternative zur Neuanschaffung. Denn auch auf diesem Weg lassen sich Energieeffizienz und Produktivit\u00e4t erh\u00f6hen oder die Erf\u00fcllung neuer Normen erreichen. Unsere erfahrenen Fachleute begleiten Sie dabei von der Analyse Ihrer Anlage \u00fcber die Planung bis zur Umsetzung.<\/p>\n","protected":false},"excerpt":{"rendered":"<p>Oft ist Retrofitting oder die Modernisierung einer hydraulischen Anlage eine wirtschaftliche Alternative zur Neuanschaffung. Denn auch auf diesem Weg lassen sich Energieeffizienz und Produktivit\u00e4t erh\u00f6hen oder die Erf\u00fcllung neuer Normen erreichen. Unsere erfahrenen Fachleute begleiten Sie dabei von der Analyse Ihrer Anlage \u00fcber die Planung bis zur Umsetzung.<\/p>\n","protected":false},"author":3,"featured_media":7286,"parent":7279,"menu_order":0,"comment_status":"closed","ping_status":"closed","template":"","meta":{"_acf_changed":true,"footnotes":""},"class_list":["post-7285","page","type-page","status-publish","has-post-thumbnail","hentry"],"acf":[],"_links":{"self":[{"href":"https:\/\/hansa-flex.si\/de\/wp-json\/wp\/v2\/pages\/7285","targetHints":{"allow":["GET"]}}],"collection":[{"href":"https:\/\/hansa-flex.si\/de\/wp-json\/wp\/v2\/pages"}],"about":[{"href":"https:\/\/hansa-flex.si\/de\/wp-json\/wp\/v2\/types\/page"}],"author":[{"embeddable":true,"href":"https:\/\/hansa-flex.si\/de\/wp-json\/wp\/v2\/users\/3"}],"replies":[{"embeddable":true,"href":"https:\/\/hansa-flex.si\/de\/wp-json\/wp\/v2\/comments?post=7285"}],"version-history":[{"count":0,"href":"https:\/\/hansa-flex.si\/de\/wp-json\/wp\/v2\/pages\/7285\/revisions"}],"up":[{"embeddable":true,"href":"https:\/\/hansa-flex.si\/de\/wp-json\/wp\/v2\/pages\/7279"}],"wp:featuredmedia":[{"embeddable":true,"href":"https:\/\/hansa-flex.si\/de\/wp-json\/wp\/v2\/media\/7286"}],"wp:attachment":[{"href":"https:\/\/hansa-flex.si\/de\/wp-json\/wp\/v2\/media?parent=7285"}],"curies":[{"name":"wp","href":"https:\/\/api.w.org\/{rel}","templated":true}]}}