{"id":7303,"date":"2024-03-22T17:22:49","date_gmt":"2024-03-22T15:22:49","guid":{"rendered":"https:\/\/hansa-flex.si\/?page_id=7303"},"modified":"2024-06-10T22:16:52","modified_gmt":"2024-06-10T20:16:52","slug":"verrohrung-und-verschlauchung","status":"publish","type":"page","link":"https:\/\/hansa-flex.si\/de\/services\/montage-und-installation\/verrohrung-und-verschlauchung\/","title":{"rendered":"Verrohrung und Verschlauchung"},"content":{"rendered":"\n<p>Die Rohr- und Schlauchleitungen hydraulischer Maschinen und Anlagen m\u00fcssen allein aus Sicherheitsgr\u00fcnden regelm\u00e4\u00dfig getauscht werden. Aber auch andere Vorhaben wie die Erh\u00f6hung der Effizienz k\u00f6nnen Anlass f\u00fcr einen kompletten Austausch sein. Mit hervorragend ausgebildeten Servicetechnikern erledigen wir solche Auftr\u00e4ge zuverl\u00e4ssig, hochwertig und auch in engen Zeitfenstern.<\/p>\n","protected":false},"excerpt":{"rendered":"<p>Die Rohr- und Schlauchleitungen hydraulischer Maschinen und Anlagen m\u00fcssen allein aus Sicherheitsgr\u00fcnden regelm\u00e4\u00dfig getauscht werden. Aber auch andere Vorhaben wie die Erh\u00f6hung der Effizienz k\u00f6nnen Anlass f\u00fcr einen kompletten Austausch sein. Mit hervorragend ausgebildeten Servicetechnikern erledigen wir solche Auftr\u00e4ge zuverl\u00e4ssig, hochwertig und auch in engen Zeitfenstern.<\/p>\n","protected":false},"author":3,"featured_media":7304,"parent":7279,"menu_order":0,"comment_status":"closed","ping_status":"closed","template":"","meta":{"_acf_changed":true,"footnotes":""},"class_list":["post-7303","page","type-page","status-publish","has-post-thumbnail","hentry"],"acf":[],"_links":{"self":[{"href":"https:\/\/hansa-flex.si\/de\/wp-json\/wp\/v2\/pages\/7303","targetHints":{"allow":["GET"]}}],"collection":[{"href":"https:\/\/hansa-flex.si\/de\/wp-json\/wp\/v2\/pages"}],"about":[{"href":"https:\/\/hansa-flex.si\/de\/wp-json\/wp\/v2\/types\/page"}],"author":[{"embeddable":true,"href":"https:\/\/hansa-flex.si\/de\/wp-json\/wp\/v2\/users\/3"}],"replies":[{"embeddable":true,"href":"https:\/\/hansa-flex.si\/de\/wp-json\/wp\/v2\/comments?post=7303"}],"version-history":[{"count":0,"href":"https:\/\/hansa-flex.si\/de\/wp-json\/wp\/v2\/pages\/7303\/revisions"}],"up":[{"embeddable":true,"href":"https:\/\/hansa-flex.si\/de\/wp-json\/wp\/v2\/pages\/7279"}],"wp:featuredmedia":[{"embeddable":true,"href":"https:\/\/hansa-flex.si\/de\/wp-json\/wp\/v2\/media\/7304"}],"wp:attachment":[{"href":"https:\/\/hansa-flex.si\/de\/wp-json\/wp\/v2\/media?parent=7303"}],"curies":[{"name":"wp","href":"https:\/\/api.w.org\/{rel}","templated":true}]}}