{"id":7347,"date":"2024-03-23T13:18:49","date_gmt":"2024-03-23T11:18:49","guid":{"rendered":"https:\/\/hansa-flex.si\/?page_id=7347"},"modified":"2024-04-12T15:52:35","modified_gmt":"2024-04-12T13:52:35","slug":"x-code-schlauchkennzeichnung","status":"publish","type":"page","link":"https:\/\/hansa-flex.si\/de\/services\/vorbeugende-instandhaltung\/schlauchmanagement\/x-code-schlauchkennzeichnung\/","title":{"rendered":"X-CODE Schlauchkennzeichnung"},"content":{"rendered":"\n<p>Der X-CODE ist das millionenfach bew\u00e4hrte Codierungs- und Kennzeichnungssystem von HANSA\u2011FLEX. Jede einzelne Schlauchleitung kann anhand ihres X-CODES sofort eindeutig identifiziert werden, ein passendes Ersatzteil ist in k\u00fcrzester Zeit weltweit verf\u00fcgbar. Mit dem X-CODE erh\u00e4lt jede Schlauchleitung dar\u00fcber hinaus einen digitalen Steckbrief mit allen relevanten Informationen.<\/p>\n","protected":false},"excerpt":{"rendered":"<p>Der X-CODE ist das millionenfach bew\u00e4hrte Codierungs- und Kennzeichnungssystem von HANSA\u2011FLEX. Jede einzelne Schlauchleitung kann anhand ihres X-CODES sofort eindeutig identifiziert werden, ein passendes Ersatzteil ist in k\u00fcrzester Zeit weltweit verf\u00fcgbar. Mit dem X-CODE erh\u00e4lt jede Schlauchleitung dar\u00fcber hinaus einen digitalen Steckbrief mit allen relevanten Informationen.<\/p>\n","protected":false},"author":3,"featured_media":7348,"parent":7330,"menu_order":0,"comment_status":"closed","ping_status":"closed","template":"","meta":{"_acf_changed":true,"footnotes":""},"class_list":["post-7347","page","type-page","status-publish","has-post-thumbnail","hentry"],"acf":[],"_links":{"self":[{"href":"https:\/\/hansa-flex.si\/de\/wp-json\/wp\/v2\/pages\/7347","targetHints":{"allow":["GET"]}}],"collection":[{"href":"https:\/\/hansa-flex.si\/de\/wp-json\/wp\/v2\/pages"}],"about":[{"href":"https:\/\/hansa-flex.si\/de\/wp-json\/wp\/v2\/types\/page"}],"author":[{"embeddable":true,"href":"https:\/\/hansa-flex.si\/de\/wp-json\/wp\/v2\/users\/3"}],"replies":[{"embeddable":true,"href":"https:\/\/hansa-flex.si\/de\/wp-json\/wp\/v2\/comments?post=7347"}],"version-history":[{"count":0,"href":"https:\/\/hansa-flex.si\/de\/wp-json\/wp\/v2\/pages\/7347\/revisions"}],"up":[{"embeddable":true,"href":"https:\/\/hansa-flex.si\/de\/wp-json\/wp\/v2\/pages\/7330"}],"wp:featuredmedia":[{"embeddable":true,"href":"https:\/\/hansa-flex.si\/de\/wp-json\/wp\/v2\/media\/7348"}],"wp:attachment":[{"href":"https:\/\/hansa-flex.si\/de\/wp-json\/wp\/v2\/media?parent=7347"}],"curies":[{"name":"wp","href":"https:\/\/api.w.org\/{rel}","templated":true}]}}