{"id":7440,"date":"2024-03-23T15:29:53","date_gmt":"2024-03-23T13:29:53","guid":{"rendered":"https:\/\/hansa-flex.si\/?page_id=7440"},"modified":"2024-04-12T16:06:10","modified_gmt":"2024-04-12T14:06:10","slug":"pruefungen","status":"publish","type":"page","link":"https:\/\/hansa-flex.si\/de\/services\/vorbeugende-instandhaltung\/pruefungen\/","title":{"rendered":"Pr\u00fcfungen"},"content":{"rendered":"\n<p>Hydrauliksysteme leisten H\u00f6chstarbeit. Regelm\u00e4\u00dfige Pr\u00fcfungen sind daher Pflicht, um einen zuverl\u00e4ssigen und sicheren Betrieb von Anlagen und Maschinen sicherzustellen. Die als bef\u00e4higte Personen qualifizierten Fluidspezialisten von HANSA\u2011FLEX unterst\u00fctzen Sie bei der Pr\u00fcfung von Hydraulikschlauchleitungen, Industrieschl\u00e4uchen, Druckspeichern, Hebeb\u00fchnen sowie Ladebr\u00fccken gem\u00e4\u00df den gesetzlich vorgeschriebenen Vorgaben wie DGUV und BetrSichV.<\/p>\n","protected":false},"excerpt":{"rendered":"<p>Hydrauliksysteme leisten H\u00f6chstarbeit. Regelm\u00e4\u00dfige Pr\u00fcfungen sind daher Pflicht, um einen zuverl\u00e4ssigen und sicheren Betrieb von Anlagen und Maschinen sicherzustellen. Die als bef\u00e4higte Personen qualifizierten Fluidspezialisten von HANSA\u2011FLEX unterst\u00fctzen Sie bei der Pr\u00fcfung von Hydraulikschlauchleitungen, Industrieschl\u00e4uchen, Druckspeichern, Hebeb\u00fchnen sowie Ladebr\u00fccken gem\u00e4\u00df den gesetzlich vorgeschriebenen Vorgaben wie DGUV und BetrSichV.<\/p>\n","protected":false},"author":3,"featured_media":7441,"parent":7321,"menu_order":0,"comment_status":"closed","ping_status":"closed","template":"","meta":{"_acf_changed":true,"footnotes":""},"class_list":["post-7440","page","type-page","status-publish","has-post-thumbnail","hentry"],"acf":[],"_links":{"self":[{"href":"https:\/\/hansa-flex.si\/de\/wp-json\/wp\/v2\/pages\/7440","targetHints":{"allow":["GET"]}}],"collection":[{"href":"https:\/\/hansa-flex.si\/de\/wp-json\/wp\/v2\/pages"}],"about":[{"href":"https:\/\/hansa-flex.si\/de\/wp-json\/wp\/v2\/types\/page"}],"author":[{"embeddable":true,"href":"https:\/\/hansa-flex.si\/de\/wp-json\/wp\/v2\/users\/3"}],"replies":[{"embeddable":true,"href":"https:\/\/hansa-flex.si\/de\/wp-json\/wp\/v2\/comments?post=7440"}],"version-history":[{"count":0,"href":"https:\/\/hansa-flex.si\/de\/wp-json\/wp\/v2\/pages\/7440\/revisions"}],"up":[{"embeddable":true,"href":"https:\/\/hansa-flex.si\/de\/wp-json\/wp\/v2\/pages\/7321"}],"wp:featuredmedia":[{"embeddable":true,"href":"https:\/\/hansa-flex.si\/de\/wp-json\/wp\/v2\/media\/7441"}],"wp:attachment":[{"href":"https:\/\/hansa-flex.si\/de\/wp-json\/wp\/v2\/media?parent=7440"}],"curies":[{"name":"wp","href":"https:\/\/api.w.org\/{rel}","templated":true}]}}