{"id":7449,"date":"2024-03-23T16:25:09","date_gmt":"2024-03-23T14:25:09","guid":{"rendered":"https:\/\/hansa-flex.si\/?page_id=7449"},"modified":"2024-04-10T12:47:28","modified_gmt":"2024-04-10T09:47:28","slug":"dguv-pruefung","status":"publish","type":"page","link":"https:\/\/hansa-flex.si\/de\/services\/vorbeugende-instandhaltung\/pruefungen\/dguv-pruefung\/","title":{"rendered":"DGUV-Pr\u00fcfung"},"content":{"rendered":"\n<p>Hydraulikschlauchleitungen sind elementare Bestandteile von Maschinen und Anlagen. Sie erfordern daher umfassende Pflege und m\u00fcssen nach der Erstinbetriebnahme sowie alle 12 Monate durch bef\u00e4higte Personen fachgerecht gepr\u00fcft werden. HANSA\u2011FLEX k\u00fcmmert sich um die Terminierung, Durchf\u00fchrung und Dokumentation der gesetzlich vorgeschriebenen Sicht- und Funktionspr\u00fcfung.<\/p>\n","protected":false},"excerpt":{"rendered":"<p>Hydraulikschlauchleitungen sind elementare Bestandteile von Maschinen und Anlagen. Sie erfordern daher umfassende Pflege und m\u00fcssen nach der Erstinbetriebnahme sowie alle 12 Monate durch bef\u00e4higte Personen fachgerecht gepr\u00fcft werden. HANSA\u2011FLEX k\u00fcmmert sich um die Terminierung, Durchf\u00fchrung und Dokumentation der gesetzlich vorgeschriebenen Sicht- und Funktionspr\u00fcfung.<\/p>\n","protected":false},"author":3,"featured_media":7450,"parent":7440,"menu_order":0,"comment_status":"closed","ping_status":"closed","template":"","meta":{"_acf_changed":true,"footnotes":""},"class_list":["post-7449","page","type-page","status-publish","has-post-thumbnail","hentry"],"acf":[],"_links":{"self":[{"href":"https:\/\/hansa-flex.si\/de\/wp-json\/wp\/v2\/pages\/7449","targetHints":{"allow":["GET"]}}],"collection":[{"href":"https:\/\/hansa-flex.si\/de\/wp-json\/wp\/v2\/pages"}],"about":[{"href":"https:\/\/hansa-flex.si\/de\/wp-json\/wp\/v2\/types\/page"}],"author":[{"embeddable":true,"href":"https:\/\/hansa-flex.si\/de\/wp-json\/wp\/v2\/users\/3"}],"replies":[{"embeddable":true,"href":"https:\/\/hansa-flex.si\/de\/wp-json\/wp\/v2\/comments?post=7449"}],"version-history":[{"count":0,"href":"https:\/\/hansa-flex.si\/de\/wp-json\/wp\/v2\/pages\/7449\/revisions"}],"up":[{"embeddable":true,"href":"https:\/\/hansa-flex.si\/de\/wp-json\/wp\/v2\/pages\/7440"}],"wp:featuredmedia":[{"embeddable":true,"href":"https:\/\/hansa-flex.si\/de\/wp-json\/wp\/v2\/media\/7450"}],"wp:attachment":[{"href":"https:\/\/hansa-flex.si\/de\/wp-json\/wp\/v2\/media?parent=7449"}],"curies":[{"name":"wp","href":"https:\/\/api.w.org\/{rel}","templated":true}]}}