{"id":7464,"date":"2024-03-23T16:43:32","date_gmt":"2024-03-23T14:43:32","guid":{"rendered":"https:\/\/hansa-flex.si\/?page_id=7464"},"modified":"2024-04-10T12:48:52","modified_gmt":"2024-04-10T09:48:52","slug":"industrieschlauchpruefung","status":"publish","type":"page","link":"https:\/\/hansa-flex.si\/de\/services\/vorbeugende-instandhaltung\/pruefungen\/industrieschlauchpruefung\/","title":{"rendered":"Industrieschlauchpr\u00fcfung"},"content":{"rendered":"\n<p>HANSA\u2011FLEX \u00fcbernimmt die Pr\u00fcfung Ihrer Industrieschlauchleitungen nach Betriebssicherheitsverordnung (BetrSichV). Die Pr\u00fcfungen leisten wir als Vor-Ort-Service durch unseren mobilen Pr\u00fcfservice oder in unseren Kompetenzzentren f\u00fcr Schlauchtechnik[KD1] [MUM2] .<\/p>\n","protected":false},"excerpt":{"rendered":"<p>HANSA\u2011FLEX \u00fcbernimmt die Pr\u00fcfung Ihrer Industrieschlauchleitungen nach Betriebssicherheitsverordnung (BetrSichV). Die Pr\u00fcfungen leisten wir als Vor-Ort-Service durch unseren mobilen Pr\u00fcfservice oder in unseren Kompetenzzentren f\u00fcr Schlauchtechnik[KD1] [MUM2] .<\/p>\n","protected":false},"author":3,"featured_media":7465,"parent":7440,"menu_order":0,"comment_status":"closed","ping_status":"closed","template":"","meta":{"_acf_changed":true,"footnotes":""},"class_list":["post-7464","page","type-page","status-publish","has-post-thumbnail","hentry"],"acf":[],"_links":{"self":[{"href":"https:\/\/hansa-flex.si\/de\/wp-json\/wp\/v2\/pages\/7464","targetHints":{"allow":["GET"]}}],"collection":[{"href":"https:\/\/hansa-flex.si\/de\/wp-json\/wp\/v2\/pages"}],"about":[{"href":"https:\/\/hansa-flex.si\/de\/wp-json\/wp\/v2\/types\/page"}],"author":[{"embeddable":true,"href":"https:\/\/hansa-flex.si\/de\/wp-json\/wp\/v2\/users\/3"}],"replies":[{"embeddable":true,"href":"https:\/\/hansa-flex.si\/de\/wp-json\/wp\/v2\/comments?post=7464"}],"version-history":[{"count":0,"href":"https:\/\/hansa-flex.si\/de\/wp-json\/wp\/v2\/pages\/7464\/revisions"}],"up":[{"embeddable":true,"href":"https:\/\/hansa-flex.si\/de\/wp-json\/wp\/v2\/pages\/7440"}],"wp:featuredmedia":[{"embeddable":true,"href":"https:\/\/hansa-flex.si\/de\/wp-json\/wp\/v2\/media\/7465"}],"wp:attachment":[{"href":"https:\/\/hansa-flex.si\/de\/wp-json\/wp\/v2\/media?parent=7464"}],"curies":[{"name":"wp","href":"https:\/\/api.w.org\/{rel}","templated":true}]}}