{"id":7481,"date":"2024-03-23T17:10:33","date_gmt":"2024-03-23T15:10:33","guid":{"rendered":"https:\/\/hansa-flex.si\/?page_id=7481"},"modified":"2024-04-10T12:52:44","modified_gmt":"2024-04-10T09:52:44","slug":"hebebuehnen-und-ladebruecken","status":"publish","type":"page","link":"https:\/\/hansa-flex.si\/de\/services\/vorbeugende-instandhaltung\/pruefungen\/hebebuehnen-und-ladebruecken\/","title":{"rendered":"Hebeb\u00fchnen und Ladebr\u00fccken"},"content":{"rendered":"\n<p>Kraftbetriebene sowie handbet\u00e4tigte Hebeb\u00fchnen, fahrbare Rampen und Ladebr\u00fccken m\u00fcssen mindestens einmal im Jahr von einem Sachkundigen auf ihren sicheren Zustand gepr\u00fcft werden. Die Durchf\u00fchrung der Pr\u00fcfung liegt in der Verantwortung des Betreibers.<\/p>\n","protected":false},"excerpt":{"rendered":"<p>Kraftbetriebene sowie handbet\u00e4tigte Hebeb\u00fchnen, fahrbare Rampen und Ladebr\u00fccken m\u00fcssen mindestens einmal im Jahr von einem Sachkundigen auf ihren sicheren Zustand gepr\u00fcft werden. Die Durchf\u00fchrung der Pr\u00fcfung liegt in der Verantwortung des Betreibers.<\/p>\n","protected":false},"author":3,"featured_media":7482,"parent":7440,"menu_order":0,"comment_status":"closed","ping_status":"closed","template":"","meta":{"_acf_changed":true,"footnotes":""},"class_list":["post-7481","page","type-page","status-publish","has-post-thumbnail","hentry"],"acf":[],"_links":{"self":[{"href":"https:\/\/hansa-flex.si\/de\/wp-json\/wp\/v2\/pages\/7481","targetHints":{"allow":["GET"]}}],"collection":[{"href":"https:\/\/hansa-flex.si\/de\/wp-json\/wp\/v2\/pages"}],"about":[{"href":"https:\/\/hansa-flex.si\/de\/wp-json\/wp\/v2\/types\/page"}],"author":[{"embeddable":true,"href":"https:\/\/hansa-flex.si\/de\/wp-json\/wp\/v2\/users\/3"}],"replies":[{"embeddable":true,"href":"https:\/\/hansa-flex.si\/de\/wp-json\/wp\/v2\/comments?post=7481"}],"version-history":[{"count":0,"href":"https:\/\/hansa-flex.si\/de\/wp-json\/wp\/v2\/pages\/7481\/revisions"}],"up":[{"embeddable":true,"href":"https:\/\/hansa-flex.si\/de\/wp-json\/wp\/v2\/pages\/7440"}],"wp:featuredmedia":[{"embeddable":true,"href":"https:\/\/hansa-flex.si\/de\/wp-json\/wp\/v2\/media\/7482"}],"wp:attachment":[{"href":"https:\/\/hansa-flex.si\/de\/wp-json\/wp\/v2\/media?parent=7481"}],"curies":[{"name":"wp","href":"https:\/\/api.w.org\/{rel}","templated":true}]}}