{"id":7493,"date":"2024-03-23T17:26:26","date_gmt":"2024-03-23T15:26:26","guid":{"rendered":"https:\/\/hansa-flex.si\/?page_id=7493"},"modified":"2024-04-12T16:09:53","modified_gmt":"2024-04-12T14:09:53","slug":"druckspeicherprufung","status":"publish","type":"page","link":"https:\/\/hansa-flex.si\/de\/services\/vorbeugende-instandhaltung\/pruefungen\/druckspeicherprufung\/","title":{"rendered":"Druckspeicherpr\u00fcfung"},"content":{"rendered":"\n<p>Druckspeicher z\u00e4hlen zu den \u00fcberwachungsbed\u00fcrftigen Anlagen (\u00dcA) und m\u00fcssen daher gem\u00e4\u00df der Betriebssicherheitsverordnung (BetrSichV) regelm\u00e4\u00dfig durch geschultes Fachpersonal, sogenannte bef\u00e4higte Personen, \u00fcberpr\u00fcft werden. Dar\u00fcber hinaus muss f\u00fcr den sicheren Betrieb von Maschinen und Anlagen mit eingebauten Hydrospeichern eine sicherheitstechnische Bewertung (Gef\u00e4hrdungsbeurteilung) erstellt werden.<\/p>\n","protected":false},"excerpt":{"rendered":"<p>Druckspeicher z\u00e4hlen zu den \u00fcberwachungsbed\u00fcrftigen Anlagen (\u00dcA) und m\u00fcssen daher gem\u00e4\u00df der Betriebssicherheitsverordnung (BetrSichV) regelm\u00e4\u00dfig durch geschultes Fachpersonal, sogenannte bef\u00e4higte Personen, \u00fcberpr\u00fcft werden. Dar\u00fcber hinaus muss f\u00fcr den sicheren Betrieb von Maschinen und Anlagen mit eingebauten Hydrospeichern eine sicherheitstechnische Bewertung (Gef\u00e4hrdungsbeurteilung) erstellt werden.<\/p>\n","protected":false},"author":3,"featured_media":7494,"parent":7440,"menu_order":0,"comment_status":"closed","ping_status":"closed","template":"","meta":{"_acf_changed":true,"footnotes":""},"class_list":["post-7493","page","type-page","status-publish","has-post-thumbnail","hentry"],"acf":[],"_links":{"self":[{"href":"https:\/\/hansa-flex.si\/de\/wp-json\/wp\/v2\/pages\/7493","targetHints":{"allow":["GET"]}}],"collection":[{"href":"https:\/\/hansa-flex.si\/de\/wp-json\/wp\/v2\/pages"}],"about":[{"href":"https:\/\/hansa-flex.si\/de\/wp-json\/wp\/v2\/types\/page"}],"author":[{"embeddable":true,"href":"https:\/\/hansa-flex.si\/de\/wp-json\/wp\/v2\/users\/3"}],"replies":[{"embeddable":true,"href":"https:\/\/hansa-flex.si\/de\/wp-json\/wp\/v2\/comments?post=7493"}],"version-history":[{"count":0,"href":"https:\/\/hansa-flex.si\/de\/wp-json\/wp\/v2\/pages\/7493\/revisions"}],"up":[{"embeddable":true,"href":"https:\/\/hansa-flex.si\/de\/wp-json\/wp\/v2\/pages\/7440"}],"wp:featuredmedia":[{"embeddable":true,"href":"https:\/\/hansa-flex.si\/de\/wp-json\/wp\/v2\/media\/7494"}],"wp:attachment":[{"href":"https:\/\/hansa-flex.si\/de\/wp-json\/wp\/v2\/media?parent=7493"}],"curies":[{"name":"wp","href":"https:\/\/api.w.org\/{rel}","templated":true}]}}