{"id":7569,"date":"2024-03-25T12:07:32","date_gmt":"2024-03-25T10:07:32","guid":{"rendered":"https:\/\/hansa-flex.si\/?page_id=7569"},"modified":"2024-04-10T13:14:21","modified_gmt":"2024-04-10T10:14:21","slug":"lagermanagement","status":"publish","type":"page","link":"https:\/\/hansa-flex.si\/de\/services\/logistikloesungen\/lagermanagement\/","title":{"rendered":"Lagermanagement"},"content":{"rendered":"\n<p>Als Ihr Systempartner rund um die Fluidtechnik setzen wir uns t\u00e4glich daf\u00fcr ein, Sie im Tagesgesch\u00e4ft zu entlasten, damit Sie sich auf wertsch\u00f6pfende T\u00e4tigkeiten konzentrieren k\u00f6nnen. Dazu geh\u00f6rt auch die Unterst\u00fctzung bei der systematischen Optimierung Ihres Lagers, um unn\u00f6tige Suchzeiten zu vermeiden und den Materialfluss effizienter zu gestalten.<\/p>\n","protected":false},"excerpt":{"rendered":"<p>Als Ihr Systempartner rund um die Fluidtechnik setzen wir uns t\u00e4glich daf\u00fcr ein, Sie im Tagesgesch\u00e4ft zu entlasten, damit Sie sich auf wertsch\u00f6pfende T\u00e4tigkeiten konzentrieren k\u00f6nnen. Dazu geh\u00f6rt auch die Unterst\u00fctzung bei der systematischen Optimierung Ihres Lagers, um unn\u00f6tige Suchzeiten zu vermeiden und den Materialfluss effizienter zu gestalten.<\/p>\n","protected":false},"author":3,"featured_media":7570,"parent":7556,"menu_order":0,"comment_status":"closed","ping_status":"closed","template":"","meta":{"_acf_changed":true,"footnotes":""},"class_list":["post-7569","page","type-page","status-publish","has-post-thumbnail","hentry"],"acf":[],"_links":{"self":[{"href":"https:\/\/hansa-flex.si\/de\/wp-json\/wp\/v2\/pages\/7569","targetHints":{"allow":["GET"]}}],"collection":[{"href":"https:\/\/hansa-flex.si\/de\/wp-json\/wp\/v2\/pages"}],"about":[{"href":"https:\/\/hansa-flex.si\/de\/wp-json\/wp\/v2\/types\/page"}],"author":[{"embeddable":true,"href":"https:\/\/hansa-flex.si\/de\/wp-json\/wp\/v2\/users\/3"}],"replies":[{"embeddable":true,"href":"https:\/\/hansa-flex.si\/de\/wp-json\/wp\/v2\/comments?post=7569"}],"version-history":[{"count":0,"href":"https:\/\/hansa-flex.si\/de\/wp-json\/wp\/v2\/pages\/7569\/revisions"}],"up":[{"embeddable":true,"href":"https:\/\/hansa-flex.si\/de\/wp-json\/wp\/v2\/pages\/7556"}],"wp:featuredmedia":[{"embeddable":true,"href":"https:\/\/hansa-flex.si\/de\/wp-json\/wp\/v2\/media\/7570"}],"wp:attachment":[{"href":"https:\/\/hansa-flex.si\/de\/wp-json\/wp\/v2\/media?parent=7569"}],"curies":[{"name":"wp","href":"https:\/\/api.w.org\/{rel}","templated":true}]}}