{"id":7585,"date":"2024-03-25T12:33:04","date_gmt":"2024-03-25T10:33:04","guid":{"rendered":"https:\/\/hansa-flex.si\/?page_id=7585"},"modified":"2024-04-10T13:19:52","modified_gmt":"2024-04-10T10:19:52","slug":"kitting","status":"publish","type":"page","link":"https:\/\/hansa-flex.si\/de\/services\/logistikloesungen\/kitting\/","title":{"rendered":"Kitting"},"content":{"rendered":"\n<p>Als Systempartner bietet HANSA\u2011FLEX einbaufertige Kits (Montages\u00e4tze), die neben Komponenten von HANSA\u2011FLEX auch Bauteile von Fremdlieferanten umfassen k\u00f6nnen. Dadurch wird eine ununterbrochene Versorgung der Montagelinien mit den n\u00f6tigen Bauteilen sichergestellt. F\u00fcr unsere Kunden bedeutet das, sie sparen Zeit, steigern den Durchsatz und senken die Fehlerquote.<\/p>\n","protected":false},"excerpt":{"rendered":"<p>Als Systempartner bietet HANSA\u2011FLEX einbaufertige Kits (Montages\u00e4tze), die neben Komponenten von HANSA\u2011FLEX auch Bauteile von Fremdlieferanten umfassen k\u00f6nnen. Dadurch wird eine ununterbrochene Versorgung der Montagelinien mit den n\u00f6tigen Bauteilen sichergestellt. F\u00fcr unsere Kunden bedeutet das, sie sparen Zeit, steigern den Durchsatz und senken die Fehlerquote.<\/p>\n","protected":false},"author":3,"featured_media":7586,"parent":7556,"menu_order":0,"comment_status":"closed","ping_status":"closed","template":"","meta":{"_acf_changed":true,"footnotes":""},"class_list":["post-7585","page","type-page","status-publish","has-post-thumbnail","hentry"],"acf":[],"_links":{"self":[{"href":"https:\/\/hansa-flex.si\/de\/wp-json\/wp\/v2\/pages\/7585","targetHints":{"allow":["GET"]}}],"collection":[{"href":"https:\/\/hansa-flex.si\/de\/wp-json\/wp\/v2\/pages"}],"about":[{"href":"https:\/\/hansa-flex.si\/de\/wp-json\/wp\/v2\/types\/page"}],"author":[{"embeddable":true,"href":"https:\/\/hansa-flex.si\/de\/wp-json\/wp\/v2\/users\/3"}],"replies":[{"embeddable":true,"href":"https:\/\/hansa-flex.si\/de\/wp-json\/wp\/v2\/comments?post=7585"}],"version-history":[{"count":0,"href":"https:\/\/hansa-flex.si\/de\/wp-json\/wp\/v2\/pages\/7585\/revisions"}],"up":[{"embeddable":true,"href":"https:\/\/hansa-flex.si\/de\/wp-json\/wp\/v2\/pages\/7556"}],"wp:featuredmedia":[{"embeddable":true,"href":"https:\/\/hansa-flex.si\/de\/wp-json\/wp\/v2\/media\/7586"}],"wp:attachment":[{"href":"https:\/\/hansa-flex.si\/de\/wp-json\/wp\/v2\/media?parent=7585"}],"curies":[{"name":"wp","href":"https:\/\/api.w.org\/{rel}","templated":true}]}}