{"id":7595,"date":"2024-03-25T12:44:48","date_gmt":"2024-03-25T10:44:48","guid":{"rendered":"https:\/\/hansa-flex.si\/?page_id=7595"},"modified":"2024-04-10T13:21:07","modified_gmt":"2024-04-10T10:21:07","slug":"hydraulik-werkstatt-container","status":"publish","type":"page","link":"https:\/\/hansa-flex.si\/de\/services\/logistikloesungen\/hydraulik-werkstatt-container\/","title":{"rendered":"Hydraulik-Werkstatt-Container"},"content":{"rendered":"\n<p>Ob auf st\u00fcrmischen Bohrinseln, eisigen H\u00f6henbaustellen in den\u202fBergen,\u202fin gl\u00fchend hei\u00dfen W\u00fcstengegenden\u202foder bei Gro\u00dfprojekten oder einer\u202fVor-Ort-Betreuung durch den Industrieservice von HANSA\u2011FLEX:\u202fDer Hydraulik-Service-Container\u202fbietet\u202fIhnen\u202fals\u202fvollwertige Hydraulikwerkstatt\u202fmaximale\u202fVerf\u00fcgbarkeit von Hydraulikschlauchleitungen an jedem Ort der Welt.\u202fDadurch werden zeit- und kostenintensive Stillst\u00e4nde\u202fdeutlich\u202fminimiert.<\/p>\n","protected":false},"excerpt":{"rendered":"<p>Ob auf st\u00fcrmischen Bohrinseln, eisigen H\u00f6henbaustellen in den\u202fBergen,\u202fin gl\u00fchend hei\u00dfen W\u00fcstengegenden\u202foder bei Gro\u00dfprojekten oder einer\u202fVor-Ort-Betreuung durch den Industrieservice von HANSA\u2011FLEX:\u202fDer Hydraulik-Service-Container\u202fbietet\u202fIhnen\u202fals\u202fvollwertige Hydraulikwerkstatt\u202fmaximale\u202fVerf\u00fcgbarkeit von Hydraulikschlauchleitungen an jedem Ort der Welt.\u202fDadurch werden zeit- und kostenintensive Stillst\u00e4nde\u202fdeutlich\u202fminimiert.<\/p>\n","protected":false},"author":3,"featured_media":7596,"parent":7556,"menu_order":0,"comment_status":"closed","ping_status":"closed","template":"","meta":{"_acf_changed":true,"footnotes":""},"class_list":["post-7595","page","type-page","status-publish","has-post-thumbnail","hentry"],"acf":[],"_links":{"self":[{"href":"https:\/\/hansa-flex.si\/de\/wp-json\/wp\/v2\/pages\/7595","targetHints":{"allow":["GET"]}}],"collection":[{"href":"https:\/\/hansa-flex.si\/de\/wp-json\/wp\/v2\/pages"}],"about":[{"href":"https:\/\/hansa-flex.si\/de\/wp-json\/wp\/v2\/types\/page"}],"author":[{"embeddable":true,"href":"https:\/\/hansa-flex.si\/de\/wp-json\/wp\/v2\/users\/3"}],"replies":[{"embeddable":true,"href":"https:\/\/hansa-flex.si\/de\/wp-json\/wp\/v2\/comments?post=7595"}],"version-history":[{"count":0,"href":"https:\/\/hansa-flex.si\/de\/wp-json\/wp\/v2\/pages\/7595\/revisions"}],"up":[{"embeddable":true,"href":"https:\/\/hansa-flex.si\/de\/wp-json\/wp\/v2\/pages\/7556"}],"wp:featuredmedia":[{"embeddable":true,"href":"https:\/\/hansa-flex.si\/de\/wp-json\/wp\/v2\/media\/7596"}],"wp:attachment":[{"href":"https:\/\/hansa-flex.si\/de\/wp-json\/wp\/v2\/media?parent=7595"}],"curies":[{"name":"wp","href":"https:\/\/api.w.org\/{rel}","templated":true}]}}