{"id":7680,"date":"2024-03-25T16:06:05","date_gmt":"2024-03-25T14:06:05","guid":{"rendered":"https:\/\/hansa-flex.si\/?page_id=7680"},"modified":"2024-04-10T13:38:05","modified_gmt":"2024-04-10T10:38:05","slug":"serienfertigung","status":"publish","type":"page","link":"https:\/\/hansa-flex.si\/de\/services\/produktion\/serienfertigung\/","title":{"rendered":"Serienfertigung"},"content":{"rendered":"\n<p>Die zentrale Schlauchleitungsserienfertigung in Bremen und das Rohrbiegezentrum in Sch\u00f6nebeck beliefern Erstausr\u00fcster mit einbaufertigen Hochdruck-, PTFE- und Industrieschlauchleitungen sowie nach Ma\u00df gefertigten Rohrleitungen in Klein- und Gro\u00dfserie bis zu mehreren 10.000 St\u00fcck pro Monat. Dabei sind h\u00f6chste Prozesstreue und die Einhaltung von Qualit\u00e4tsstandards ebenso selbstverst\u00e4ndlich wie individuell abgestimmte Abl\u00e4ufe in Lager und Logistik.<\/p>\n","protected":false},"excerpt":{"rendered":"<p>Die zentrale Schlauchleitungsserienfertigung in Bremen und das Rohrbiegezentrum in Sch\u00f6nebeck beliefern Erstausr\u00fcster mit einbaufertigen Hochdruck-, PTFE- und Industrieschlauchleitungen sowie nach Ma\u00df gefertigten Rohrleitungen in Klein- und Gro\u00dfserie bis zu mehreren 10.000 St\u00fcck pro Monat. Dabei sind h\u00f6chste Prozesstreue und die Einhaltung von Qualit\u00e4tsstandards ebenso selbstverst\u00e4ndlich wie individuell abgestimmte Abl\u00e4ufe in Lager und Logistik.<\/p>\n","protected":false},"author":3,"featured_media":7681,"parent":7673,"menu_order":0,"comment_status":"closed","ping_status":"closed","template":"","meta":{"_acf_changed":true,"footnotes":""},"class_list":["post-7680","page","type-page","status-publish","has-post-thumbnail","hentry"],"acf":[],"_links":{"self":[{"href":"https:\/\/hansa-flex.si\/de\/wp-json\/wp\/v2\/pages\/7680","targetHints":{"allow":["GET"]}}],"collection":[{"href":"https:\/\/hansa-flex.si\/de\/wp-json\/wp\/v2\/pages"}],"about":[{"href":"https:\/\/hansa-flex.si\/de\/wp-json\/wp\/v2\/types\/page"}],"author":[{"embeddable":true,"href":"https:\/\/hansa-flex.si\/de\/wp-json\/wp\/v2\/users\/3"}],"replies":[{"embeddable":true,"href":"https:\/\/hansa-flex.si\/de\/wp-json\/wp\/v2\/comments?post=7680"}],"version-history":[{"count":0,"href":"https:\/\/hansa-flex.si\/de\/wp-json\/wp\/v2\/pages\/7680\/revisions"}],"up":[{"embeddable":true,"href":"https:\/\/hansa-flex.si\/de\/wp-json\/wp\/v2\/pages\/7673"}],"wp:featuredmedia":[{"embeddable":true,"href":"https:\/\/hansa-flex.si\/de\/wp-json\/wp\/v2\/media\/7681"}],"wp:attachment":[{"href":"https:\/\/hansa-flex.si\/de\/wp-json\/wp\/v2\/media?parent=7680"}],"curies":[{"name":"wp","href":"https:\/\/api.w.org\/{rel}","templated":true}]}}