{"id":7731,"date":"2024-03-25T17:32:15","date_gmt":"2024-03-25T15:32:15","guid":{"rendered":"https:\/\/hansa-flex.si\/?page_id=7731"},"modified":"2024-04-10T13:44:35","modified_gmt":"2024-04-10T10:44:35","slug":"scannerloesungen","status":"publish","type":"page","link":"https:\/\/hansa-flex.si\/de\/services\/digitale-services\/scannerloesungen\/","title":{"rendered":"Scannerl\u00f6sungen"},"content":{"rendered":"\n<p>Yes, we scan! Mit Scanner-L\u00f6sungen von HANSA\u2011FLEX ermitteln Sie schneller Ihren Warenbedarf f\u00fcr die Fluidtechnik im Lager oder an der Fertigungslinie und bestellen ganz bequem \u00fcber die im Scanner integrierte App. Aber auch f\u00fcr die Statusabfrage und Bestellung von Schlauchleitungen direkt am Einsatzort von Anlagen und Maschinen bietet Ihnen HANSA\u2011FLEX passende Scanner-L\u00f6sungen.<\/p>\n","protected":false},"excerpt":{"rendered":"<p>Yes, we scan! Mit Scanner-L\u00f6sungen von HANSA\u2011FLEX ermitteln Sie schneller Ihren Warenbedarf f\u00fcr die Fluidtechnik im Lager oder an der Fertigungslinie und bestellen ganz bequem \u00fcber die im Scanner integrierte App. Aber auch f\u00fcr die Statusabfrage und Bestellung von Schlauchleitungen direkt am Einsatzort von Anlagen und Maschinen bietet Ihnen HANSA\u2011FLEX passende Scanner-L\u00f6sungen.<\/p>\n","protected":false},"author":3,"featured_media":7723,"parent":7722,"menu_order":0,"comment_status":"closed","ping_status":"closed","template":"","meta":{"_acf_changed":true,"footnotes":""},"class_list":["post-7731","page","type-page","status-publish","has-post-thumbnail","hentry"],"acf":[],"_links":{"self":[{"href":"https:\/\/hansa-flex.si\/de\/wp-json\/wp\/v2\/pages\/7731","targetHints":{"allow":["GET"]}}],"collection":[{"href":"https:\/\/hansa-flex.si\/de\/wp-json\/wp\/v2\/pages"}],"about":[{"href":"https:\/\/hansa-flex.si\/de\/wp-json\/wp\/v2\/types\/page"}],"author":[{"embeddable":true,"href":"https:\/\/hansa-flex.si\/de\/wp-json\/wp\/v2\/users\/3"}],"replies":[{"embeddable":true,"href":"https:\/\/hansa-flex.si\/de\/wp-json\/wp\/v2\/comments?post=7731"}],"version-history":[{"count":0,"href":"https:\/\/hansa-flex.si\/de\/wp-json\/wp\/v2\/pages\/7731\/revisions"}],"up":[{"embeddable":true,"href":"https:\/\/hansa-flex.si\/de\/wp-json\/wp\/v2\/pages\/7722"}],"wp:featuredmedia":[{"embeddable":true,"href":"https:\/\/hansa-flex.si\/de\/wp-json\/wp\/v2\/media\/7723"}],"wp:attachment":[{"href":"https:\/\/hansa-flex.si\/de\/wp-json\/wp\/v2\/media?parent=7731"}],"curies":[{"name":"wp","href":"https:\/\/api.w.org\/{rel}","templated":true}]}}