{"id":7740,"date":"2024-03-25T17:38:04","date_gmt":"2024-03-25T15:38:04","guid":{"rendered":"https:\/\/hansa-flex.si\/?page_id=7740"},"modified":"2024-04-10T13:45:20","modified_gmt":"2024-04-10T10:45:20","slug":"edi-und-bmecat","status":"publish","type":"page","link":"https:\/\/hansa-flex.si\/de\/services\/digitale-services\/edi-und-bmecat\/","title":{"rendered":"EDI und BMEcat"},"content":{"rendered":"\n<p>Elektronische Daten\u00fcbermittlung (EDI) erm\u00f6glicht einen schnellen, unternehmens\u00fcbergreifenden Transfer standardisierter Gesch\u00e4ftsdaten. Durch die EDI-Schnittstelle zwischen Ihrem und unserem Warenwirtschaftssystem wickeln Sie alle Arbeitsschritte im E-Procurement noch effizienter ab. Neben einer EDI-Anbindung besteht auch die M\u00f6glichkeit, von Ihnen definierte HANSA\u2011FLEX Artikel mittels BMEcat in Ihr gewohntes Einkaufsportal zu integrieren.<\/p>\n","protected":false},"excerpt":{"rendered":"<p>Elektronische Daten\u00fcbermittlung (EDI) erm\u00f6glicht einen schnellen, unternehmens\u00fcbergreifenden Transfer standardisierter Gesch\u00e4ftsdaten. Durch die EDI-Schnittstelle zwischen Ihrem und unserem Warenwirtschaftssystem wickeln Sie alle Arbeitsschritte im E-Procurement noch effizienter ab. Neben einer EDI-Anbindung besteht auch die M\u00f6glichkeit, von Ihnen definierte HANSA\u2011FLEX Artikel mittels BMEcat in Ihr gewohntes Einkaufsportal zu integrieren.<\/p>\n","protected":false},"author":3,"featured_media":7741,"parent":7722,"menu_order":0,"comment_status":"closed","ping_status":"closed","template":"","meta":{"_acf_changed":true,"footnotes":""},"class_list":["post-7740","page","type-page","status-publish","has-post-thumbnail","hentry"],"acf":[],"_links":{"self":[{"href":"https:\/\/hansa-flex.si\/de\/wp-json\/wp\/v2\/pages\/7740","targetHints":{"allow":["GET"]}}],"collection":[{"href":"https:\/\/hansa-flex.si\/de\/wp-json\/wp\/v2\/pages"}],"about":[{"href":"https:\/\/hansa-flex.si\/de\/wp-json\/wp\/v2\/types\/page"}],"author":[{"embeddable":true,"href":"https:\/\/hansa-flex.si\/de\/wp-json\/wp\/v2\/users\/3"}],"replies":[{"embeddable":true,"href":"https:\/\/hansa-flex.si\/de\/wp-json\/wp\/v2\/comments?post=7740"}],"version-history":[{"count":0,"href":"https:\/\/hansa-flex.si\/de\/wp-json\/wp\/v2\/pages\/7740\/revisions"}],"up":[{"embeddable":true,"href":"https:\/\/hansa-flex.si\/de\/wp-json\/wp\/v2\/pages\/7722"}],"wp:featuredmedia":[{"embeddable":true,"href":"https:\/\/hansa-flex.si\/de\/wp-json\/wp\/v2\/media\/7741"}],"wp:attachment":[{"href":"https:\/\/hansa-flex.si\/de\/wp-json\/wp\/v2\/media?parent=7740"}],"curies":[{"name":"wp","href":"https:\/\/api.w.org\/{rel}","templated":true}]}}