{"id":7779,"date":"2024-03-26T11:40:45","date_gmt":"2024-03-26T09:40:45","guid":{"rendered":"https:\/\/hansa-flex.si\/?page_id=7779"},"modified":"2024-04-10T13:54:32","modified_gmt":"2024-04-10T10:54:32","slug":"arbeiten-bei-hansa-flex","status":"publish","type":"page","link":"https:\/\/hansa-flex.si\/de\/karriere\/arbeiten-bei-hansa-flex\/","title":{"rendered":"Arbeiten Bei HANSA-FLEX"},"content":{"rendered":"\n<p>Als international erfolgreiches Familienunternehmen liegt es uns am Herzen, dass sich in der HANSA\u2011FLEX Familie alle wohlf\u00fchlen k\u00f6nnen. Sie m\u00f6chten wissen, was wir Ihnen bieten und mit wem Sie zusammenarbeiten? Oder suchen Sie bereits die n\u00e4chste Herausforderung in einem unserer Standorte im Ausland? Entdecken Sie hier, welche M\u00f6glichkeiten Ihnen offenstehen.<\/p>\n","protected":false},"excerpt":{"rendered":"<p>Als international erfolgreiches Familienunternehmen liegt es uns am Herzen, dass sich in der HANSA\u2011FLEX Familie alle wohlf\u00fchlen k\u00f6nnen. Sie m\u00f6chten wissen, was wir Ihnen bieten und mit wem Sie zusammenarbeiten? Oder suchen Sie bereits die n\u00e4chste Herausforderung in einem unserer Standorte im Ausland? Entdecken Sie hier, welche M\u00f6glichkeiten Ihnen offenstehen.<\/p>\n","protected":false},"author":3,"featured_media":7780,"parent":5850,"menu_order":0,"comment_status":"closed","ping_status":"closed","template":"","meta":{"_acf_changed":false,"footnotes":""},"class_list":["post-7779","page","type-page","status-publish","has-post-thumbnail","hentry"],"acf":[],"_links":{"self":[{"href":"https:\/\/hansa-flex.si\/de\/wp-json\/wp\/v2\/pages\/7779","targetHints":{"allow":["GET"]}}],"collection":[{"href":"https:\/\/hansa-flex.si\/de\/wp-json\/wp\/v2\/pages"}],"about":[{"href":"https:\/\/hansa-flex.si\/de\/wp-json\/wp\/v2\/types\/page"}],"author":[{"embeddable":true,"href":"https:\/\/hansa-flex.si\/de\/wp-json\/wp\/v2\/users\/3"}],"replies":[{"embeddable":true,"href":"https:\/\/hansa-flex.si\/de\/wp-json\/wp\/v2\/comments?post=7779"}],"version-history":[{"count":0,"href":"https:\/\/hansa-flex.si\/de\/wp-json\/wp\/v2\/pages\/7779\/revisions"}],"up":[{"embeddable":true,"href":"https:\/\/hansa-flex.si\/de\/wp-json\/wp\/v2\/pages\/5850"}],"wp:featuredmedia":[{"embeddable":true,"href":"https:\/\/hansa-flex.si\/de\/wp-json\/wp\/v2\/media\/7780"}],"wp:attachment":[{"href":"https:\/\/hansa-flex.si\/de\/wp-json\/wp\/v2\/media?parent=7779"}],"curies":[{"name":"wp","href":"https:\/\/api.w.org\/{rel}","templated":true}]}}