{"id":7806,"date":"2024-03-26T12:47:11","date_gmt":"2024-03-26T10:47:11","guid":{"rendered":"https:\/\/hansa-flex.si\/?page_id=7806"},"modified":"2024-04-10T13:55:55","modified_gmt":"2024-04-10T10:55:55","slug":"technik-und-produktion","status":"publish","type":"page","link":"https:\/\/hansa-flex.si\/de\/karriere\/arbeitsbereiche-entdecken\/technik-und-produktion\/","title":{"rendered":"Technik und Produktion"},"content":{"rendered":"\n<p>Ohne unsere Technik- und Produktionsexpert<em>innen k\u00e4me schnell alles zum Stillstand. Zusammen mit Ihren Kolleg<\/em>innen tragen Sie daf\u00fcr Sorge, dass die Qualit\u00e4t unserer Produkte einwandfrei bleibt und unsere Waren ohne Einschr\u00e4nkungen zugelassen werden k\u00f6nnen. Sie m\u00f6chten verschiedene Produktionsbereiche kennenlernen und Ihrem Blick entgeht nicht der kleinste Fehler? Dann sind Sie bei uns genau richtig!<\/p>\n","protected":false},"excerpt":{"rendered":"<p>Ohne unsere Technik- und Produktionsexpertinnen k\u00e4me schnell alles zum Stillstand. Zusammen mit Ihren Kolleginnen tragen Sie daf\u00fcr Sorge, dass die Qualit\u00e4t unserer Produkte einwandfrei bleibt und unsere Waren ohne Einschr\u00e4nkungen zugelassen werden k\u00f6nnen. Sie m\u00f6chten verschiedene Produktionsbereiche kennenlernen und Ihrem Blick entgeht nicht der kleinste Fehler? Dann sind Sie bei uns genau richtig!<\/p>\n","protected":false},"author":3,"featured_media":7807,"parent":7782,"menu_order":0,"comment_status":"closed","ping_status":"closed","template":"","meta":{"_acf_changed":false,"footnotes":""},"class_list":["post-7806","page","type-page","status-publish","has-post-thumbnail","hentry"],"acf":[],"_links":{"self":[{"href":"https:\/\/hansa-flex.si\/de\/wp-json\/wp\/v2\/pages\/7806","targetHints":{"allow":["GET"]}}],"collection":[{"href":"https:\/\/hansa-flex.si\/de\/wp-json\/wp\/v2\/pages"}],"about":[{"href":"https:\/\/hansa-flex.si\/de\/wp-json\/wp\/v2\/types\/page"}],"author":[{"embeddable":true,"href":"https:\/\/hansa-flex.si\/de\/wp-json\/wp\/v2\/users\/3"}],"replies":[{"embeddable":true,"href":"https:\/\/hansa-flex.si\/de\/wp-json\/wp\/v2\/comments?post=7806"}],"version-history":[{"count":0,"href":"https:\/\/hansa-flex.si\/de\/wp-json\/wp\/v2\/pages\/7806\/revisions"}],"up":[{"embeddable":true,"href":"https:\/\/hansa-flex.si\/de\/wp-json\/wp\/v2\/pages\/7782"}],"wp:featuredmedia":[{"embeddable":true,"href":"https:\/\/hansa-flex.si\/de\/wp-json\/wp\/v2\/media\/7807"}],"wp:attachment":[{"href":"https:\/\/hansa-flex.si\/de\/wp-json\/wp\/v2\/media?parent=7806"}],"curies":[{"name":"wp","href":"https:\/\/api.w.org\/{rel}","templated":true}]}}