{"id":7816,"date":"2024-03-26T12:54:15","date_gmt":"2024-03-26T10:54:15","guid":{"rendered":"https:\/\/hansa-flex.si\/?page_id=7816"},"modified":"2024-04-10T13:56:11","modified_gmt":"2024-04-10T10:56:11","slug":"lager-und-logistik","status":"publish","type":"page","link":"https:\/\/hansa-flex.si\/de\/karriere\/arbeitsbereiche-entdecken\/lager-und-logistik\/","title":{"rendered":"Lager und Logistik"},"content":{"rendered":"\n<p>Im Bereich Lager und Logistik kommt es auf ganzheitlichen Service und Dienstleistungsorientierung besonders an. Zusammen mit Ihren Kolleg*innen garantieren Sie, dass alle Zahnr\u00e4der ineinandergreifen: vom Wareneingang \u00fcber die Kommissionierung bis zum Versand. Sie haben gern alles im Blick und denken in L\u00f6sungen statt in Problemen? Wir auch!<\/p>\n","protected":false},"excerpt":{"rendered":"<p>Im Bereich Lager und Logistik kommt es auf ganzheitlichen Service und Dienstleistungsorientierung besonders an. Zusammen mit Ihren Kolleg*innen garantieren Sie, dass alle Zahnr\u00e4der ineinandergreifen: vom Wareneingang \u00fcber die Kommissionierung bis zum Versand. Sie haben gern alles im Blick und denken in L\u00f6sungen statt in Problemen? Wir auch!<\/p>\n","protected":false},"author":3,"featured_media":7817,"parent":7782,"menu_order":0,"comment_status":"closed","ping_status":"closed","template":"","meta":{"_acf_changed":false,"footnotes":""},"class_list":["post-7816","page","type-page","status-publish","has-post-thumbnail","hentry"],"acf":[],"_links":{"self":[{"href":"https:\/\/hansa-flex.si\/de\/wp-json\/wp\/v2\/pages\/7816","targetHints":{"allow":["GET"]}}],"collection":[{"href":"https:\/\/hansa-flex.si\/de\/wp-json\/wp\/v2\/pages"}],"about":[{"href":"https:\/\/hansa-flex.si\/de\/wp-json\/wp\/v2\/types\/page"}],"author":[{"embeddable":true,"href":"https:\/\/hansa-flex.si\/de\/wp-json\/wp\/v2\/users\/3"}],"replies":[{"embeddable":true,"href":"https:\/\/hansa-flex.si\/de\/wp-json\/wp\/v2\/comments?post=7816"}],"version-history":[{"count":0,"href":"https:\/\/hansa-flex.si\/de\/wp-json\/wp\/v2\/pages\/7816\/revisions"}],"up":[{"embeddable":true,"href":"https:\/\/hansa-flex.si\/de\/wp-json\/wp\/v2\/pages\/7782"}],"wp:featuredmedia":[{"embeddable":true,"href":"https:\/\/hansa-flex.si\/de\/wp-json\/wp\/v2\/media\/7817"}],"wp:attachment":[{"href":"https:\/\/hansa-flex.si\/de\/wp-json\/wp\/v2\/media?parent=7816"}],"curies":[{"name":"wp","href":"https:\/\/api.w.org\/{rel}","templated":true}]}}