{"id":7832,"date":"2024-03-26T14:39:58","date_gmt":"2024-03-26T12:39:58","guid":{"rendered":"https:\/\/hansa-flex.si\/?page_id=7832"},"modified":"2024-03-26T14:40:53","modified_gmt":"2024-03-26T12:40:53","slug":"it-und-digitales","status":"publish","type":"page","link":"https:\/\/hansa-flex.si\/de\/karriere\/arbeitsbereiche-entdecken\/it-und-digitales\/","title":{"rendered":"IT und Digitales"},"content":{"rendered":"\n<p>Mit Ihrer Technikaffinit\u00e4t und Ihrem Verst\u00e4ndnis f\u00fcr Betriebssysteme \u00fcbernehmen Sie unsere digitalen Abl\u00e4ufe und sorgen f\u00fcr ein modernes Arbeitsumfeld. Sie erschlie\u00dfen sich gern neue Systeme und entwickeln digitale Anwendungen immer weiter? Sie t\u00fcfteln gern mit Programmen und stehen Ihren Kolleg*innen bei allen technischen Fragen zur Seite? Dann finden Sie in unserem IT-Bereich Ihren Platz.<\/p>\n","protected":false},"excerpt":{"rendered":"<p>Mit Ihrer Technikaffinit\u00e4t und Ihrem Verst\u00e4ndnis f\u00fcr Betriebssysteme \u00fcbernehmen Sie unsere digitalen Abl\u00e4ufe und sorgen f\u00fcr ein modernes Arbeitsumfeld. Sie erschlie\u00dfen sich gern neue Systeme und entwickeln digitale Anwendungen immer weiter? Sie t\u00fcfteln gern mit Programmen und stehen Ihren Kolleg*innen bei allen technischen Fragen zur Seite? Dann finden Sie in unserem IT-Bereich Ihren Platz.<\/p>\n","protected":false},"author":3,"featured_media":7833,"parent":7782,"menu_order":0,"comment_status":"closed","ping_status":"closed","template":"","meta":{"_acf_changed":false,"footnotes":""},"class_list":["post-7832","page","type-page","status-publish","has-post-thumbnail","hentry"],"acf":[],"_links":{"self":[{"href":"https:\/\/hansa-flex.si\/de\/wp-json\/wp\/v2\/pages\/7832","targetHints":{"allow":["GET"]}}],"collection":[{"href":"https:\/\/hansa-flex.si\/de\/wp-json\/wp\/v2\/pages"}],"about":[{"href":"https:\/\/hansa-flex.si\/de\/wp-json\/wp\/v2\/types\/page"}],"author":[{"embeddable":true,"href":"https:\/\/hansa-flex.si\/de\/wp-json\/wp\/v2\/users\/3"}],"replies":[{"embeddable":true,"href":"https:\/\/hansa-flex.si\/de\/wp-json\/wp\/v2\/comments?post=7832"}],"version-history":[{"count":0,"href":"https:\/\/hansa-flex.si\/de\/wp-json\/wp\/v2\/pages\/7832\/revisions"}],"up":[{"embeddable":true,"href":"https:\/\/hansa-flex.si\/de\/wp-json\/wp\/v2\/pages\/7782"}],"wp:featuredmedia":[{"embeddable":true,"href":"https:\/\/hansa-flex.si\/de\/wp-json\/wp\/v2\/media\/7833"}],"wp:attachment":[{"href":"https:\/\/hansa-flex.si\/de\/wp-json\/wp\/v2\/media?parent=7832"}],"curies":[{"name":"wp","href":"https:\/\/api.w.org\/{rel}","templated":true}]}}