{"id":7840,"date":"2024-03-26T14:48:38","date_gmt":"2024-03-26T12:48:38","guid":{"rendered":"https:\/\/hansa-flex.si\/?page_id=7840"},"modified":"2024-03-26T14:49:10","modified_gmt":"2024-03-26T12:49:10","slug":"verwaltung-und-controlling","status":"publish","type":"page","link":"https:\/\/hansa-flex.si\/de\/karriere\/arbeitsbereiche-entdecken\/verwaltung-und-controlling\/","title":{"rendered":"Verwaltung und Controlling"},"content":{"rendered":"\n<p>Ohne das Team in der Verwaltung und im Controlling w\u00fcrden die Zahnr\u00e4der bei HANSA\u2011FLEX nicht mehr ineinandergreifen. Mit Ihren Kolleg<em>innen kontrollieren Sie unsere Abl\u00e4ufe, k\u00fcmmern sich ums Rechnungswesen und \u00fcberwachen die Unternehmenszahlen. Sie behalten gern den \u00dcberblick und lieben den Umgang mit Zahlen? Sie sind gern im Kontakt mit Ihren Kolleg<\/em>innen und geben Ihr Wissen in Schulungen weiter? Dann passen Sie perfekt ins Team!<\/p>\n","protected":false},"excerpt":{"rendered":"<p>Ohne das Team in der Verwaltung und im Controlling w\u00fcrden die Zahnr\u00e4der bei HANSA\u2011FLEX nicht mehr ineinandergreifen. Mit Ihren Kolleginnen kontrollieren Sie unsere Abl\u00e4ufe, k\u00fcmmern sich ums Rechnungswesen und \u00fcberwachen die Unternehmenszahlen. Sie behalten gern den \u00dcberblick und lieben den Umgang mit Zahlen? Sie sind gern im Kontakt mit Ihren Kolleginnen und geben Ihr Wissen [&hellip;]<\/p>\n","protected":false},"author":3,"featured_media":7841,"parent":7782,"menu_order":0,"comment_status":"closed","ping_status":"closed","template":"","meta":{"_acf_changed":false,"footnotes":""},"class_list":["post-7840","page","type-page","status-publish","has-post-thumbnail","hentry"],"acf":[],"_links":{"self":[{"href":"https:\/\/hansa-flex.si\/de\/wp-json\/wp\/v2\/pages\/7840","targetHints":{"allow":["GET"]}}],"collection":[{"href":"https:\/\/hansa-flex.si\/de\/wp-json\/wp\/v2\/pages"}],"about":[{"href":"https:\/\/hansa-flex.si\/de\/wp-json\/wp\/v2\/types\/page"}],"author":[{"embeddable":true,"href":"https:\/\/hansa-flex.si\/de\/wp-json\/wp\/v2\/users\/3"}],"replies":[{"embeddable":true,"href":"https:\/\/hansa-flex.si\/de\/wp-json\/wp\/v2\/comments?post=7840"}],"version-history":[{"count":0,"href":"https:\/\/hansa-flex.si\/de\/wp-json\/wp\/v2\/pages\/7840\/revisions"}],"up":[{"embeddable":true,"href":"https:\/\/hansa-flex.si\/de\/wp-json\/wp\/v2\/pages\/7782"}],"wp:featuredmedia":[{"embeddable":true,"href":"https:\/\/hansa-flex.si\/de\/wp-json\/wp\/v2\/media\/7841"}],"wp:attachment":[{"href":"https:\/\/hansa-flex.si\/de\/wp-json\/wp\/v2\/media?parent=7840"}],"curies":[{"name":"wp","href":"https:\/\/api.w.org\/{rel}","templated":true}]}}