{"id":7872,"date":"2024-03-26T15:35:41","date_gmt":"2024-03-26T13:35:41","guid":{"rendered":"https:\/\/hansa-flex.si\/?page_id=7872"},"modified":"2024-03-26T15:36:39","modified_gmt":"2024-03-26T13:36:39","slug":"informatik","status":"publish","type":"page","link":"https:\/\/hansa-flex.si\/de\/karriere\/ausbildung-und-duales-studium\/informatik\/","title":{"rendered":"Informatik"},"content":{"rendered":"\n<p>Du f\u00fchlst Dich in der digitalen Welt Zuhause und interessierst Dich daf\u00fcr, wie computerbasierte Prozesse funktionieren? In unserem IT-Bereich finden alle Computerbegeisterten Ihren Platz \u2013 egal, ob Du eine Ausbildung als Fachinformatiker*in f\u00fcr die Anwendungsentwicklung machen m\u00f6chtest oder Kauffrau bzw. Kaufmann f\u00fcr das IT-Management, f\u00fcr E-Commerce oder Digitalisierungsmanagement werden willst.<\/p>\n","protected":false},"excerpt":{"rendered":"<p>Du f\u00fchlst Dich in der digitalen Welt Zuhause und interessierst Dich daf\u00fcr, wie computerbasierte Prozesse funktionieren? In unserem IT-Bereich finden alle Computerbegeisterten Ihren Platz \u2013 egal, ob Du eine Ausbildung als Fachinformatiker*in f\u00fcr die Anwendungsentwicklung machen m\u00f6chtest oder Kauffrau bzw. Kaufmann f\u00fcr das IT-Management, f\u00fcr E-Commerce oder Digitalisierungsmanagement werden willst.<\/p>\n","protected":false},"author":3,"featured_media":7873,"parent":7866,"menu_order":0,"comment_status":"closed","ping_status":"closed","template":"","meta":{"_acf_changed":false,"footnotes":""},"class_list":["post-7872","page","type-page","status-publish","has-post-thumbnail","hentry"],"acf":[],"_links":{"self":[{"href":"https:\/\/hansa-flex.si\/de\/wp-json\/wp\/v2\/pages\/7872","targetHints":{"allow":["GET"]}}],"collection":[{"href":"https:\/\/hansa-flex.si\/de\/wp-json\/wp\/v2\/pages"}],"about":[{"href":"https:\/\/hansa-flex.si\/de\/wp-json\/wp\/v2\/types\/page"}],"author":[{"embeddable":true,"href":"https:\/\/hansa-flex.si\/de\/wp-json\/wp\/v2\/users\/3"}],"replies":[{"embeddable":true,"href":"https:\/\/hansa-flex.si\/de\/wp-json\/wp\/v2\/comments?post=7872"}],"version-history":[{"count":0,"href":"https:\/\/hansa-flex.si\/de\/wp-json\/wp\/v2\/pages\/7872\/revisions"}],"up":[{"embeddable":true,"href":"https:\/\/hansa-flex.si\/de\/wp-json\/wp\/v2\/pages\/7866"}],"wp:featuredmedia":[{"embeddable":true,"href":"https:\/\/hansa-flex.si\/de\/wp-json\/wp\/v2\/media\/7873"}],"wp:attachment":[{"href":"https:\/\/hansa-flex.si\/de\/wp-json\/wp\/v2\/media?parent=7872"}],"curies":[{"name":"wp","href":"https:\/\/api.w.org\/{rel}","templated":true}]}}