{"id":7881,"date":"2024-03-26T15:44:12","date_gmt":"2024-03-26T13:44:12","guid":{"rendered":"https:\/\/hansa-flex.si\/?page_id=7881"},"modified":"2024-03-26T15:44:13","modified_gmt":"2024-03-26T13:44:13","slug":"kaufmannische-ausbildung","status":"publish","type":"page","link":"https:\/\/hansa-flex.si\/de\/karriere\/ausbildung-und-duales-studium\/kaufmannische-ausbildung\/","title":{"rendered":"Kaufm\u00e4nnische Ausbildung"},"content":{"rendered":"\n<p>Gro\u00df- und Au\u00dfenhandel, B\u00fcromanagement, Personaldienstleistung oder Marketingkommunikation: W\u00e4hrend Deiner Ausbildung zum Kaufmann oder zur Kauffrau durchl\u00e4ufst Du verschiedene Abteilungen. Du koordinierst gerne Termine, entwickelst Kommunikationskonzepte und beh\u00e4ltst alles im Blick? Dann bist Du hier genau richtig! Bei uns finden Kommunikationsverliebte und Organisationstalente ihren Platz.<\/p>\n","protected":false},"excerpt":{"rendered":"<p>Gro\u00df- und Au\u00dfenhandel, B\u00fcromanagement, Personaldienstleistung oder Marketingkommunikation: W\u00e4hrend Deiner Ausbildung zum Kaufmann oder zur Kauffrau durchl\u00e4ufst Du verschiedene Abteilungen. Du koordinierst gerne Termine, entwickelst Kommunikationskonzepte und beh\u00e4ltst alles im Blick? Dann bist Du hier genau richtig! Bei uns finden Kommunikationsverliebte und Organisationstalente ihren Platz.<\/p>\n","protected":false},"author":3,"featured_media":7882,"parent":7866,"menu_order":0,"comment_status":"closed","ping_status":"closed","template":"","meta":{"_acf_changed":false,"footnotes":""},"class_list":["post-7881","page","type-page","status-publish","has-post-thumbnail","hentry"],"acf":[],"_links":{"self":[{"href":"https:\/\/hansa-flex.si\/de\/wp-json\/wp\/v2\/pages\/7881","targetHints":{"allow":["GET"]}}],"collection":[{"href":"https:\/\/hansa-flex.si\/de\/wp-json\/wp\/v2\/pages"}],"about":[{"href":"https:\/\/hansa-flex.si\/de\/wp-json\/wp\/v2\/types\/page"}],"author":[{"embeddable":true,"href":"https:\/\/hansa-flex.si\/de\/wp-json\/wp\/v2\/users\/3"}],"replies":[{"embeddable":true,"href":"https:\/\/hansa-flex.si\/de\/wp-json\/wp\/v2\/comments?post=7881"}],"version-history":[{"count":0,"href":"https:\/\/hansa-flex.si\/de\/wp-json\/wp\/v2\/pages\/7881\/revisions"}],"up":[{"embeddable":true,"href":"https:\/\/hansa-flex.si\/de\/wp-json\/wp\/v2\/pages\/7866"}],"wp:featuredmedia":[{"embeddable":true,"href":"https:\/\/hansa-flex.si\/de\/wp-json\/wp\/v2\/media\/7882"}],"wp:attachment":[{"href":"https:\/\/hansa-flex.si\/de\/wp-json\/wp\/v2\/media?parent=7881"}],"curies":[{"name":"wp","href":"https:\/\/api.w.org\/{rel}","templated":true}]}}