{"id":7940,"date":"2024-03-26T17:10:12","date_gmt":"2024-03-26T15:10:12","guid":{"rendered":"https:\/\/hansa-flex.si\/?page_id=7940"},"modified":"2024-04-10T14:10:43","modified_gmt":"2024-04-10T11:10:43","slug":"aktuelle-ausgabe","status":"publish","type":"page","link":"https:\/\/hansa-flex.si\/de\/magazin\/aktuelle-ausgabe\/","title":{"rendered":"Aktuelle Ausgabe"},"content":{"rendered":"\n<p>Wir freuen uns Ausgabe #205 im M\u00e4rz 2024 pr\u00e4sentieren zu k\u00f6nnen! Na, k\u00f6nnen Sie erkennen, was sich auf dem Titelbild verborgen hat? Unten gibt es die Aufl\u00f6sung.<\/p>\n","protected":false},"excerpt":{"rendered":"<p>Wir freuen uns Ausgabe #205 im M\u00e4rz 2024 pr\u00e4sentieren zu k\u00f6nnen! Na, k\u00f6nnen Sie erkennen, was sich auf dem Titelbild verborgen hat? Unten gibt es die Aufl\u00f6sung.<\/p>\n","protected":false},"author":3,"featured_media":7946,"parent":4051,"menu_order":0,"comment_status":"closed","ping_status":"closed","template":"","meta":{"_acf_changed":true,"footnotes":""},"class_list":["post-7940","page","type-page","status-publish","has-post-thumbnail","hentry"],"acf":[],"_links":{"self":[{"href":"https:\/\/hansa-flex.si\/de\/wp-json\/wp\/v2\/pages\/7940","targetHints":{"allow":["GET"]}}],"collection":[{"href":"https:\/\/hansa-flex.si\/de\/wp-json\/wp\/v2\/pages"}],"about":[{"href":"https:\/\/hansa-flex.si\/de\/wp-json\/wp\/v2\/types\/page"}],"author":[{"embeddable":true,"href":"https:\/\/hansa-flex.si\/de\/wp-json\/wp\/v2\/users\/3"}],"replies":[{"embeddable":true,"href":"https:\/\/hansa-flex.si\/de\/wp-json\/wp\/v2\/comments?post=7940"}],"version-history":[{"count":0,"href":"https:\/\/hansa-flex.si\/de\/wp-json\/wp\/v2\/pages\/7940\/revisions"}],"up":[{"embeddable":true,"href":"https:\/\/hansa-flex.si\/de\/wp-json\/wp\/v2\/pages\/4051"}],"wp:featuredmedia":[{"embeddable":true,"href":"https:\/\/hansa-flex.si\/de\/wp-json\/wp\/v2\/media\/7946"}],"wp:attachment":[{"href":"https:\/\/hansa-flex.si\/de\/wp-json\/wp\/v2\/media?parent=7940"}],"curies":[{"name":"wp","href":"https:\/\/api.w.org\/{rel}","templated":true}]}}