{"id":7961,"date":"2024-03-26T17:33:30","date_gmt":"2024-03-26T15:33:30","guid":{"rendered":"https:\/\/hansa-flex.si\/?page_id=7961"},"modified":"2024-04-18T09:24:47","modified_gmt":"2024-04-18T07:24:47","slug":"dezember-2023","status":"publish","type":"page","link":"https:\/\/hansa-flex.si\/de\/magazin\/archiv\/dezember-2023\/","title":{"rendered":"Dezember 2023"},"content":{"rendered":"\n<p>Wir freuen uns Ausgabe #204 im Dezember 2023 pr\u00e4sentieren zu k\u00f6nnen! Na, k\u00f6nnen Sie erkennen, was sich auf dem Titelbild verborgen hat? Unten gibt es die Aufl\u00f6sung.<\/p>\n","protected":false},"excerpt":{"rendered":"<p>Wir freuen uns Ausgabe #204 im Dezember 2023 pr\u00e4sentieren zu k\u00f6nnen! Na, k\u00f6nnen Sie erkennen, was sich auf dem Titelbild verborgen hat? Unten gibt es die Aufl\u00f6sung.<\/p>\n","protected":false},"author":3,"featured_media":7962,"parent":7959,"menu_order":0,"comment_status":"closed","ping_status":"closed","template":"","meta":{"_acf_changed":true,"footnotes":""},"class_list":["post-7961","page","type-page","status-publish","has-post-thumbnail","hentry"],"acf":[],"_links":{"self":[{"href":"https:\/\/hansa-flex.si\/de\/wp-json\/wp\/v2\/pages\/7961","targetHints":{"allow":["GET"]}}],"collection":[{"href":"https:\/\/hansa-flex.si\/de\/wp-json\/wp\/v2\/pages"}],"about":[{"href":"https:\/\/hansa-flex.si\/de\/wp-json\/wp\/v2\/types\/page"}],"author":[{"embeddable":true,"href":"https:\/\/hansa-flex.si\/de\/wp-json\/wp\/v2\/users\/3"}],"replies":[{"embeddable":true,"href":"https:\/\/hansa-flex.si\/de\/wp-json\/wp\/v2\/comments?post=7961"}],"version-history":[{"count":0,"href":"https:\/\/hansa-flex.si\/de\/wp-json\/wp\/v2\/pages\/7961\/revisions"}],"up":[{"embeddable":true,"href":"https:\/\/hansa-flex.si\/de\/wp-json\/wp\/v2\/pages\/7959"}],"wp:featuredmedia":[{"embeddable":true,"href":"https:\/\/hansa-flex.si\/de\/wp-json\/wp\/v2\/media\/7962"}],"wp:attachment":[{"href":"https:\/\/hansa-flex.si\/de\/wp-json\/wp\/v2\/media?parent=7961"}],"curies":[{"name":"wp","href":"https:\/\/api.w.org\/{rel}","templated":true}]}}