{"id":7969,"date":"2024-03-26T17:41:44","date_gmt":"2024-03-26T15:41:44","guid":{"rendered":"https:\/\/hansa-flex.si\/?page_id=7969"},"modified":"2024-04-18T09:28:48","modified_gmt":"2024-04-18T07:28:48","slug":"september-2023","status":"publish","type":"page","link":"https:\/\/hansa-flex.si\/de\/magazin\/archiv\/september-2023\/","title":{"rendered":"September 2023"},"content":{"rendered":"\n<p>Die HYDRAULIKPRESSE ist ab sofort als Online Magazin f\u00fcr Sie verf\u00fcgbar. Wir freuen uns Ausgabe #203 im September 2023 pr\u00e4sentieren zu k\u00f6nnen.<\/p>\n","protected":false},"excerpt":{"rendered":"<p>Die HYDRAULIKPRESSE ist ab sofort als Online Magazin f\u00fcr Sie verf\u00fcgbar. Wir freuen uns Ausgabe #203 im September 2023 pr\u00e4sentieren zu k\u00f6nnen.<\/p>\n","protected":false},"author":3,"featured_media":7970,"parent":7959,"menu_order":0,"comment_status":"closed","ping_status":"closed","template":"","meta":{"_acf_changed":true,"footnotes":""},"class_list":["post-7969","page","type-page","status-publish","has-post-thumbnail","hentry"],"acf":[],"_links":{"self":[{"href":"https:\/\/hansa-flex.si\/de\/wp-json\/wp\/v2\/pages\/7969","targetHints":{"allow":["GET"]}}],"collection":[{"href":"https:\/\/hansa-flex.si\/de\/wp-json\/wp\/v2\/pages"}],"about":[{"href":"https:\/\/hansa-flex.si\/de\/wp-json\/wp\/v2\/types\/page"}],"author":[{"embeddable":true,"href":"https:\/\/hansa-flex.si\/de\/wp-json\/wp\/v2\/users\/3"}],"replies":[{"embeddable":true,"href":"https:\/\/hansa-flex.si\/de\/wp-json\/wp\/v2\/comments?post=7969"}],"version-history":[{"count":0,"href":"https:\/\/hansa-flex.si\/de\/wp-json\/wp\/v2\/pages\/7969\/revisions"}],"up":[{"embeddable":true,"href":"https:\/\/hansa-flex.si\/de\/wp-json\/wp\/v2\/pages\/7959"}],"wp:featuredmedia":[{"embeddable":true,"href":"https:\/\/hansa-flex.si\/de\/wp-json\/wp\/v2\/media\/7970"}],"wp:attachment":[{"href":"https:\/\/hansa-flex.si\/de\/wp-json\/wp\/v2\/media?parent=7969"}],"curies":[{"name":"wp","href":"https:\/\/api.w.org\/{rel}","templated":true}]}}